{"id":494,"date":"2021-07-17T12:10:16","date_gmt":"2021-07-17T10:10:16","guid":{"rendered":"http:\/\/fiction-science.com\/?page_id=494"},"modified":"2021-08-05T18:46:02","modified_gmt":"2021-08-05T16:46:02","slug":"etudes-anglophones","status":"publish","type":"page","link":"http:\/\/fiction-science.com\/index.php\/edition-2021\/podcasts\/etudes-anglophones\/","title":{"rendered":"\u00c9tudes anglophones"},"content":{"rendered":"<p style=\"text-align: center;\"><span style=\"font-size: 32px; color: #333399;\"><strong><span lang=\"en-US\"><em>\u00a0&lsquo;Today, We Take You Back&rsquo; <\/em>: <\/span>NBA et voyage dans le temps<\/strong><\/span><\/p>\n<p><img loading=\"lazy\" class=\" wp-image-542 aligncenter\" src=\"http:\/\/fiction-science.com\/wp-content\/uploads\/2021\/08\/basket-262x300.jpeg\" alt=\"\" width=\"337\" height=\"386\" srcset=\"http:\/\/fiction-science.com\/wp-content\/uploads\/2021\/08\/basket-262x300.jpeg 262w, http:\/\/fiction-science.com\/wp-content\/uploads\/2021\/08\/basket-894x1024.jpeg 894w, http:\/\/fiction-science.com\/wp-content\/uploads\/2021\/08\/basket-768x880.jpeg 768w, http:\/\/fiction-science.com\/wp-content\/uploads\/2021\/08\/basket-600x688.jpeg 600w, http:\/\/fiction-science.com\/wp-content\/uploads\/2021\/08\/basket.jpeg 1200w\" sizes=\"(max-width: 337px) 100vw, 337px\" \/><\/p>\n<!--[if lt IE 9]><script>document.createElement('audio');<\/script><![endif]-->\n<audio class=\"wp-audio-shortcode\" id=\"audio-494-1\" preload=\"none\" style=\"width: 100%;\" controls=\"controls\"><source type=\"audio\/mpeg\" src=\"http:\/\/fiction-science.com\/wp-content\/uploads\/2021\/08\/Civilisation.mp3?_=1\" \/><a href=\"http:\/\/fiction-science.com\/wp-content\/uploads\/2021\/08\/Civilisation.mp3\">http:\/\/fiction-science.com\/wp-content\/uploads\/2021\/08\/Civilisation.mp3<\/a><\/audio>\n<p style=\"text-align: justify;\"><span style=\"font-size: 14px;\"><strong>Yann Descamps<\/strong> est Docteur en \u00e9tudes nord-am\u00e9ricaines de l\u2019Universit\u00e9 Sorbonne Nouvelle \u2013 Paris 3, et ma\u00eetre de conf\u00e9rences en Histoire du sport de l\u2019Universit\u00e9 Bourgogne Franche-Comt\u00e9. Sa th\u00e8se \u00e9tudie la repr\u00e9sentation des basketteurs afro-am\u00e9ricains dans les m\u00e9dias et la culture populaire am\u00e9ricains. Ses travaux sont d\u00e9sormais consacr\u00e9s \u00e0 la repr\u00e9sentation du genre et de l\u2019identit\u00e9 ethno-raciale en lien au sport dans la culture populaire, des jeux vid\u00e9o aux mangas, en passant par les comic books.<\/span><\/p>\n<p class=\"western\" align=\"justify\"><strong>R\u00e9sum\u00e9 :<\/strong> Si la National Basketball Association, principale ligue am\u00e9ricaine professionnelle de basket-ball masculin, est un spectacle sportif empreint d\u2019imm\u00e9diatet\u00e9, les nombreux r\u00e9cits qui en d\u00e9coulent, qu\u2019ils soient \u00e9crits par la ligue elle-m\u00eame, ou bien d\u00e9velopp\u00e9s au sein des m\u00e9dias et de la culture populaire, se conjuguent \u00e0 tous les temps. Nostalgie du pass\u00e9, remise en perspective historique du pr\u00e9sent, possibilit\u00e9 de r\u00e9\u00e9crire l\u2019histoire et de donner naissance \u00e0 un autre futur, les possibilit\u00e9s sont infiniment explor\u00e9es \u00e0 travers plusieurs m\u00e9dias, de la t\u00e9l\u00e9vision aux r\u00e9seaux sociaux, en passant par les jeux vid\u00e9o. Il s\u2019agit ici de mettre en lumi\u00e8re la complexit\u00e9 de ce rapport au temps, et les diff\u00e9rentes formes qu\u2019il peut prendre, afin de saisir la profondeur des messages m\u00e9diatiques et des artefacts culturels produits par et autour de la NBA, entre mythe et r\u00e9alit\u00e9.<\/p>\n","protected":false},"excerpt":{"rendered":"<p>\u00a0&lsquo;Today, We Take You Back&rsquo; : NBA et voyage dans le temps Yann Descamps est Docteur en \u00e9tudes nord-am\u00e9ricaines de l\u2019Universit\u00e9 Sorbonne Nouvelle \u2013 Paris 3, et ma\u00eetre de conf\u00e9rences en Histoire du sport de l\u2019Universit\u00e9 Bourgogne Franche-Comt\u00e9. Sa th\u00e8se \u00e9tudie la repr\u00e9sentation des basketteurs afro-am\u00e9ricains dans les m\u00e9dias et la culture populaire am\u00e9ricains. Ses&#8230; <a class=\"more-link\" href=\"http:\/\/fiction-science.com\/index.php\/edition-2021\/podcasts\/etudes-anglophones\/#more-494\">Lire la Suite &rarr;<\/a><\/p>\n","protected":false},"author":1,"featured_media":0,"parent":439,"menu_order":0,"comment_status":"closed","ping_status":"closed","template":"","meta":[],"_links":{"self":[{"href":"http:\/\/fiction-science.com\/index.php\/wp-json\/wp\/v2\/pages\/494"}],"collection":[{"href":"http:\/\/fiction-science.com\/index.php\/wp-json\/wp\/v2\/pages"}],"about":[{"href":"http:\/\/fiction-science.com\/index.php\/wp-json\/wp\/v2\/types\/page"}],"author":[{"embeddable":true,"href":"http:\/\/fiction-science.com\/index.php\/wp-json\/wp\/v2\/users\/1"}],"replies":[{"embeddable":true,"href":"http:\/\/fiction-science.com\/index.php\/wp-json\/wp\/v2\/comments?post=494"}],"version-history":[{"count":8,"href":"http:\/\/fiction-science.com\/index.php\/wp-json\/wp\/v2\/pages\/494\/revisions"}],"predecessor-version":[{"id":524,"href":"http:\/\/fiction-science.com\/index.php\/wp-json\/wp\/v2\/pages\/494\/revisions\/524"}],"up":[{"embeddable":true,"href":"http:\/\/fiction-science.com\/index.php\/wp-json\/wp\/v2\/pages\/439"}],"wp:attachment":[{"href":"http:\/\/fiction-science.com\/index.php\/wp-json\/wp\/v2\/media?parent=494"}],"curies":[{"name":"wp","href":"https:\/\/api.w.org\/{rel}","templated":true}]}}