{"id":483,"date":"2021-07-17T12:00:15","date_gmt":"2021-07-17T10:00:15","guid":{"rendered":"http:\/\/fiction-science.com\/?page_id=483"},"modified":"2021-10-02T16:51:40","modified_gmt":"2021-10-02T14:51:40","slug":"sociologie","status":"publish","type":"page","link":"http:\/\/fiction-science.com\/index.php\/edition-2021\/podcasts\/sociologie\/","title":{"rendered":"Sociologie"},"content":{"rendered":"<h1 style=\"text-align: center;\"><span style=\"color: #33cccc;\"><strong>La reconstitution historique : s&rsquo;\u00e9vader au Moyen \u00c2ge ?<\/strong><\/span><\/h1>\n<p style=\"text-align: center;\"><img loading=\"lazy\" class=\" wp-image-486 aligncenter\" src=\"http:\/\/fiction-science.com\/wp-content\/uploads\/2021\/07\/DSC_6500-300x200.jpg\" alt=\"\" width=\"401\" height=\"267\" srcset=\"http:\/\/fiction-science.com\/wp-content\/uploads\/2021\/07\/DSC_6500-300x200.jpg 300w, http:\/\/fiction-science.com\/wp-content\/uploads\/2021\/07\/DSC_6500-1024x683.jpg 1024w, http:\/\/fiction-science.com\/wp-content\/uploads\/2021\/07\/DSC_6500-768x512.jpg 768w, http:\/\/fiction-science.com\/wp-content\/uploads\/2021\/07\/DSC_6500-1536x1024.jpg 1536w, http:\/\/fiction-science.com\/wp-content\/uploads\/2021\/07\/DSC_6500-2048x1365.jpg 2048w, http:\/\/fiction-science.com\/wp-content\/uploads\/2021\/07\/DSC_6500-1400x933.jpg 1400w, http:\/\/fiction-science.com\/wp-content\/uploads\/2021\/07\/DSC_6500-600x400.jpg 600w\" sizes=\"(max-width: 401px) 100vw, 401px\" \/><span style=\"font-size: 12px;\">Image : Parc arch\u00e9ologique du mus\u00e9e des Temps Barbares (Aisne)<\/span><\/p>\n<!--[if lt IE 9]><script>document.createElement('audio');<\/script><![endif]-->\n<audio class=\"wp-audio-shortcode\" id=\"audio-483-1\" preload=\"none\" style=\"width: 100%;\" controls=\"controls\"><source type=\"audio\/mpeg\" src=\"http:\/\/fiction-science.com\/wp-content\/uploads\/2021\/10\/sociologie.mp3?_=1\" \/><a href=\"http:\/\/fiction-science.com\/wp-content\/uploads\/2021\/10\/sociologie.mp3\">http:\/\/fiction-science.com\/wp-content\/uploads\/2021\/10\/sociologie.mp3<\/a><\/audio>\n<p align=\"justify\"><span style=\"font-size: 14px;\"><strong>Audrey Tuaillon Dem\u00e9sy<\/strong> est docteure en sociologie, Ma\u00eetre de conf\u00e9rences en STAPS \u00e0 l\u2019Universit\u00e9 de Franche-Comt\u00e9 (laboratoire C3S, EA 4660). Ses recherches portent sur les cultures de r\u00e9sistance et activit\u00e9s de loisirs \u00ab alternatives \u00bb (reconstitution historique, quidditch, culture punk, etc.). Elle est responsable du programme ANR Ai\u00f4n (Socio-anthropologie de l\u2019imaginaire du temps. Le cas des loisirs alternatifs) depuis octobre 2019.<\/span><\/p>\n<p style=\"text-align: justify;\"><strong>R\u00e9sum\u00e9 :<\/strong> Activit\u00e9 de loisirs consistant \u00e0 mettre en vie des savoir-faire pass\u00e9s gr\u00e2ce \u00e0 la re-cr\u00e9ation d\u2019objets, la reconstitution historique peut \u00eatre envisag\u00e9e comme une forme d\u2019\u00e9vasion dans un temps r\u00e9volu. Plus pr\u00e9cis\u00e9ment, il s\u2019agira ici de s\u2019int\u00e9resser \u00e0 la p\u00e9riode m\u00e9di\u00e9vale et \u00e0 la fa\u00e7on dont les reconstituteurs parviennent \u00e0 (re)construire un monde \u00e9voquant le Moyen \u00c2ge. Loin d\u2019\u00eatre une \u00e9chappatoire au quotidien, le pass\u00e9 devient plut\u00f4t un espace (et un temps) de vacances. Si le \u00ab\u00a0voyage dans le temps\u00a0\u00bb de la reconstitution demeure soumis au cadre d\u2019un loisir contemporain, les reconstituteurs mettent cependant en place d\u2019autres temporalit\u00e9s durant ces week-ends d\u2019immersion, permettant de superposer pr\u00e9sent, pass\u00e9 et futur. Gr\u00e2ce \u00e0 une approche sociologique, l\u2019enjeu de cette communication sera de comprendre la mani\u00e8re dont se donne \u00e0 voir ce loisir et les rapports au temps qui le caract\u00e9risent, autorisant ainsi le passage d\u2019un monde quotidien contemporain \u00e0 un univers historique ponctuellement mis en vie.<strong><br \/>\n<\/strong><\/p>\n","protected":false},"excerpt":{"rendered":"<p>La reconstitution historique : s&rsquo;\u00e9vader au Moyen \u00c2ge ? Image : Parc arch\u00e9ologique du mus\u00e9e des Temps Barbares (Aisne) Audrey Tuaillon Dem\u00e9sy est docteure en sociologie, Ma\u00eetre de conf\u00e9rences en STAPS \u00e0 l\u2019Universit\u00e9 de Franche-Comt\u00e9 (laboratoire C3S, EA 4660). Ses recherches portent sur les cultures de r\u00e9sistance et activit\u00e9s de loisirs \u00ab alternatives \u00bb (reconstitution&#8230; <a class=\"more-link\" href=\"http:\/\/fiction-science.com\/index.php\/edition-2021\/podcasts\/sociologie\/#more-483\">Lire la Suite &rarr;<\/a><\/p>\n","protected":false},"author":1,"featured_media":0,"parent":439,"menu_order":0,"comment_status":"closed","ping_status":"closed","template":"","meta":[],"_links":{"self":[{"href":"http:\/\/fiction-science.com\/index.php\/wp-json\/wp\/v2\/pages\/483"}],"collection":[{"href":"http:\/\/fiction-science.com\/index.php\/wp-json\/wp\/v2\/pages"}],"about":[{"href":"http:\/\/fiction-science.com\/index.php\/wp-json\/wp\/v2\/types\/page"}],"author":[{"embeddable":true,"href":"http:\/\/fiction-science.com\/index.php\/wp-json\/wp\/v2\/users\/1"}],"replies":[{"embeddable":true,"href":"http:\/\/fiction-science.com\/index.php\/wp-json\/wp\/v2\/comments?post=483"}],"version-history":[{"count":6,"href":"http:\/\/fiction-science.com\/index.php\/wp-json\/wp\/v2\/pages\/483\/revisions"}],"predecessor-version":[{"id":546,"href":"http:\/\/fiction-science.com\/index.php\/wp-json\/wp\/v2\/pages\/483\/revisions\/546"}],"up":[{"embeddable":true,"href":"http:\/\/fiction-science.com\/index.php\/wp-json\/wp\/v2\/pages\/439"}],"wp:attachment":[{"href":"http:\/\/fiction-science.com\/index.php\/wp-json\/wp\/v2\/media?parent=483"}],"curies":[{"name":"wp","href":"https:\/\/api.w.org\/{rel}","templated":true}]}}