{"id":479,"date":"2021-07-17T11:55:50","date_gmt":"2021-07-17T09:55:50","guid":{"rendered":"http:\/\/fiction-science.com\/?page_id=479"},"modified":"2021-11-10T15:23:34","modified_gmt":"2021-11-10T14:23:34","slug":"physiologie","status":"publish","type":"page","link":"http:\/\/fiction-science.com\/index.php\/edition-2021\/podcasts\/physiologie\/","title":{"rendered":"Physiologie"},"content":{"rendered":"<h1 style=\"text-align: center;\"><span style=\"color: #ffcc00;\"><strong>Le temps est-il cod\u00e9 dans nos cellules nerveuses ?<\/strong><\/span><\/h1>\n<p style=\"text-align: justify;\"><img loading=\"lazy\" class=\"wp-image-531 aligncenter\" src=\"http:\/\/fiction-science.com\/wp-content\/uploads\/2021\/08\/message_nerveux_college-300x169.jpg\" alt=\"\" width=\"446\" height=\"251\" srcset=\"http:\/\/fiction-science.com\/wp-content\/uploads\/2021\/08\/message_nerveux_college-300x169.jpg 300w, http:\/\/fiction-science.com\/wp-content\/uploads\/2021\/08\/message_nerveux_college-768x432.jpg 768w, http:\/\/fiction-science.com\/wp-content\/uploads\/2021\/08\/message_nerveux_college-600x338.jpg 600w, http:\/\/fiction-science.com\/wp-content\/uploads\/2021\/08\/message_nerveux_college.jpg 960w\" sizes=\"(max-width: 446px) 100vw, 446px\" \/><\/p>\n<!--[if lt IE 9]><script>document.createElement('audio');<\/script><![endif]-->\n<audio class=\"wp-audio-shortcode\" id=\"audio-479-1\" preload=\"none\" style=\"width: 100%;\" controls=\"controls\"><source type=\"audio\/mpeg\" src=\"http:\/\/fiction-science.com\/wp-content\/uploads\/2021\/11\/physiologie.mp3?_=1\" \/><a href=\"http:\/\/fiction-science.com\/wp-content\/uploads\/2021\/11\/physiologie.mp3\">http:\/\/fiction-science.com\/wp-content\/uploads\/2021\/11\/physiologie.mp3<\/a><\/audio>\n<p style=\"text-align: justify;\" align=\"justify\"><span style=\"font-size: 14px;\"><strong>Sidney Grospr\u00eatre<\/strong> est Ma\u00eetre de conf\u00e9rences en STAPS, \u00e0 l&rsquo;Universit\u00e9 de Franche-Comt\u00e9 (laboratoire C3S). Sa sp\u00e9cialit\u00e9 ? La neurophysiologie, autrement dit l&rsquo;\u00e9tude du syst\u00e8me nerveux humain, des capteurs musculaires au cerveau. Il \u00e9tudie comment notre syst\u00e8me nerveux est modifi\u00e9 par l\u2019entra\u00eenement sportif, et d\u00e9veloppe des m\u00e9thodes d&rsquo;entra\u00eenement pour l&rsquo;optimiser.<\/span><\/p>\n<p style=\"text-align: justify;\"><strong>R\u00e9sum\u00e9 : <\/strong>Le temps, vaste question pour notre organisme ! Et pourtant, c&rsquo;est un aspect fondamental. L&rsquo;organisation enti\u00e8re de notre syst\u00e8me nerveux en d\u00e9pend. Plus pr\u00e9cis\u00e9ment, lorsqu&rsquo;il s&rsquo;agit de faire un mouvement, tout est affaire de temps ! En effet, la majorit\u00e9 de nos mouvements est une r\u00e9ponse \u00e0 un stimulus de notre environnement. Ainsi, le temps de traitement de l&rsquo;information et le temps d&rsquo;activation des muscles pour se mouvoir sont alors primordiaux pour assurer notre survie, que l&rsquo;on fuie un danger ou simplement que l&rsquo;on se d\u00e9place pour chercher \u00e0 manger ! Notre \u00e9volution nous a fait courir apr\u00e8s chaque milli\u00e8me de seconde pour que ce temps de r\u00e9action soit le plus court possible. Mais alors, comment notre organisme a-t-il int\u00e9gr\u00e9 ce temps dans la mani\u00e8re dont il s&rsquo;est construit ? S&rsquo;il cherche \u00e0 optimiser ce temps microscopique, c&rsquo;est peut-\u00eatre car \u00e0 l&rsquo;\u00e9chelle de notre existence nos cellules ont une dur\u00e9e de vie limit\u00e9e. En effet, leur vieillissement est g\u00e9n\u00e9tiquement programm\u00e9. \u00c0 partir d&rsquo;un signal donn\u00e9, nos cellules commencent \u00e0 s&rsquo;autod\u00e9truire. Le vieillissement est donc un processus programm\u00e9 \u00e0 l&rsquo;avance, d\u00e8s la naissance. Mais alors, peut-on pr\u00e9dire le jour de notre mort ? Et, plus important encore, \u00e0 l&rsquo;instar des r\u00e9cits populaires de recherche d&rsquo;immortalit\u00e9 ou de jouvence \u00e9ternelle, peut-on freiner ce processus ?\u00a0 L&#8217;emp\u00eacher ?<\/p>\n","protected":false},"excerpt":{"rendered":"<p>Le temps est-il cod\u00e9 dans nos cellules nerveuses ? Sidney Grospr\u00eatre est Ma\u00eetre de conf\u00e9rences en STAPS, \u00e0 l&rsquo;Universit\u00e9 de Franche-Comt\u00e9 (laboratoire C3S). Sa sp\u00e9cialit\u00e9 ? La neurophysiologie, autrement dit l&rsquo;\u00e9tude du syst\u00e8me nerveux humain, des capteurs musculaires au cerveau. Il \u00e9tudie comment notre syst\u00e8me nerveux est modifi\u00e9 par l\u2019entra\u00eenement sportif, et d\u00e9veloppe des m\u00e9thodes&#8230; <a class=\"more-link\" href=\"http:\/\/fiction-science.com\/index.php\/edition-2021\/podcasts\/physiologie\/#more-479\">Lire la Suite &rarr;<\/a><\/p>\n","protected":false},"author":1,"featured_media":0,"parent":439,"menu_order":0,"comment_status":"closed","ping_status":"closed","template":"","meta":[],"_links":{"self":[{"href":"http:\/\/fiction-science.com\/index.php\/wp-json\/wp\/v2\/pages\/479"}],"collection":[{"href":"http:\/\/fiction-science.com\/index.php\/wp-json\/wp\/v2\/pages"}],"about":[{"href":"http:\/\/fiction-science.com\/index.php\/wp-json\/wp\/v2\/types\/page"}],"author":[{"embeddable":true,"href":"http:\/\/fiction-science.com\/index.php\/wp-json\/wp\/v2\/users\/1"}],"replies":[{"embeddable":true,"href":"http:\/\/fiction-science.com\/index.php\/wp-json\/wp\/v2\/comments?post=479"}],"version-history":[{"count":9,"href":"http:\/\/fiction-science.com\/index.php\/wp-json\/wp\/v2\/pages\/479\/revisions"}],"predecessor-version":[{"id":558,"href":"http:\/\/fiction-science.com\/index.php\/wp-json\/wp\/v2\/pages\/479\/revisions\/558"}],"up":[{"embeddable":true,"href":"http:\/\/fiction-science.com\/index.php\/wp-json\/wp\/v2\/pages\/439"}],"wp:attachment":[{"href":"http:\/\/fiction-science.com\/index.php\/wp-json\/wp\/v2\/media?parent=479"}],"curies":[{"name":"wp","href":"https:\/\/api.w.org\/{rel}","templated":true}]}}