{"id":468,"date":"2021-07-17T11:49:38","date_gmt":"2021-07-17T09:49:38","guid":{"rendered":"http:\/\/fiction-science.com\/?page_id=468"},"modified":"2021-08-04T16:18:53","modified_gmt":"2021-08-04T14:18:53","slug":"litterature-un-temps-de-fee","status":"publish","type":"page","link":"http:\/\/fiction-science.com\/index.php\/edition-2021\/podcasts\/litterature-un-temps-de-fee\/","title":{"rendered":"Litt\u00e9rature"},"content":{"rendered":"<h1 style=\"text-align: center;\"><span style=\"color: #ff6600;\"><strong>Un temps de F\u00e9e ! Voyage dans le temps f\u00e9erique<\/strong><\/span><\/h1>\n<p style=\"text-align: center;\"><img loading=\"lazy\" class=\" wp-image-460 aligncenter\" src=\"http:\/\/fiction-science.com\/wp-content\/uploads\/2021\/07\/Arthur-Rackham-Twilight-Dreams-1913-300x198.jpg\" alt=\"\" width=\"464\" height=\"306\" srcset=\"http:\/\/fiction-science.com\/wp-content\/uploads\/2021\/07\/Arthur-Rackham-Twilight-Dreams-1913-300x198.jpg 300w, http:\/\/fiction-science.com\/wp-content\/uploads\/2021\/07\/Arthur-Rackham-Twilight-Dreams-1913-768x507.jpg 768w, http:\/\/fiction-science.com\/wp-content\/uploads\/2021\/07\/Arthur-Rackham-Twilight-Dreams-1913-600x396.jpg 600w, http:\/\/fiction-science.com\/wp-content\/uploads\/2021\/07\/Arthur-Rackham-Twilight-Dreams-1913.jpg 1024w\" sizes=\"(max-width: 464px) 100vw, 464px\" \/><span style=\"font-size: 12px;\">Image : Arthur Rackham, <i>Twilight Dreams<\/i>, 1913.<\/span><\/p>\n<!--[if lt IE 9]><script>document.createElement('audio');<\/script><![endif]-->\n<audio class=\"wp-audio-shortcode\" id=\"audio-468-1\" preload=\"none\" style=\"width: 100%;\" controls=\"controls\"><source type=\"audio\/mpeg\" src=\"http:\/\/fiction-science.com\/wp-content\/uploads\/2021\/07\/Litterature.mp3?_=1\" \/><a href=\"http:\/\/fiction-science.com\/wp-content\/uploads\/2021\/07\/Litterature.mp3\">http:\/\/fiction-science.com\/wp-content\/uploads\/2021\/07\/Litterature.mp3<\/a><\/audio>\n<p style=\"text-align: justify;\" align=\"justify\"><span style=\"font-size: 14px;\"><strong>No\u00e9mie Budin<\/strong> est docteure en litt\u00e9rature fran\u00e7aise, sp\u00e9cialiste de l\u2019imaginaire f\u00e9erique et de la litt\u00e9rature de jeunesse. Elle a notamment consacr\u00e9 sa th\u00e8se \u00e0 l\u2019\u00e9tude du Petit Peuple f\u00e9erique dans les fictions francophones contemporaines.<\/span><\/p>\n<p style=\"text-align: justify;\"><strong>R\u00e9sum\u00e9 :<\/strong> Il \u00e9tait une fois le Petit Peuple f\u00e9erique, compos\u00e9 des F\u00e9es, Elfes, Trolls et autres Lutins. Celui-ci, qu\u2019il soit mis en sc\u00e8ne dans les contes de f\u00e9es auxquels il a donn\u00e9 son nom ou dans des r\u00e9cits de fantasy, nous invite dans des mondes imaginaires plus ou moins s\u00e9par\u00e9s du n\u00f4tre par des fronti\u00e8res physiques ou id\u00e9elles. Le temps est l\u2019une de ces fronti\u00e8res que peuvent franchir les personnages f\u00e9eriques soit pour faire voyager le lecteur dans des univers pass\u00e9istes id\u00e9aux ou vers des mondes post-apocalyptiques dystopiques, soit pour aller \u00e0 la rencontre de personnages humains dont ils ne partagent pas la notion du temps\u2026<\/p>\n<p style=\"text-align: justify;\" align=\"justify\">L\u2019id\u00e9e est donc de s\u2019interroger sur cette question de la temporalit\u00e9 dans les r\u00e9cits f\u00e9eriques. Comment la notion du temps y est-elle envisag\u00e9e\u00a0? Quelles fractures temporelles s\u00e9parent les univers mis en sc\u00e8ne\u00a0? Quels sont les probl\u00e9matiques et enjeux soulev\u00e9s par ces conceptions singuli\u00e8res du temps\u00a0? Autant de questions que cette pr\u00e9sentation pourra aborder en vous conviant \u00e0 un voyage au temps des F\u00e9es.<\/p>\n<p style=\"text-align: justify;\">\n","protected":false},"excerpt":{"rendered":"<p>Un temps de F\u00e9e ! Voyage dans le temps f\u00e9erique Image : Arthur Rackham, Twilight Dreams, 1913. No\u00e9mie Budin est docteure en litt\u00e9rature fran\u00e7aise, sp\u00e9cialiste de l\u2019imaginaire f\u00e9erique et de la litt\u00e9rature de jeunesse. Elle a notamment consacr\u00e9 sa th\u00e8se \u00e0 l\u2019\u00e9tude du Petit Peuple f\u00e9erique dans les fictions francophones contemporaines. R\u00e9sum\u00e9 : Il \u00e9tait&#8230; <a class=\"more-link\" href=\"http:\/\/fiction-science.com\/index.php\/edition-2021\/podcasts\/litterature-un-temps-de-fee\/#more-468\">Lire la Suite &rarr;<\/a><\/p>\n","protected":false},"author":1,"featured_media":0,"parent":439,"menu_order":0,"comment_status":"closed","ping_status":"closed","template":"","meta":[],"_links":{"self":[{"href":"http:\/\/fiction-science.com\/index.php\/wp-json\/wp\/v2\/pages\/468"}],"collection":[{"href":"http:\/\/fiction-science.com\/index.php\/wp-json\/wp\/v2\/pages"}],"about":[{"href":"http:\/\/fiction-science.com\/index.php\/wp-json\/wp\/v2\/types\/page"}],"author":[{"embeddable":true,"href":"http:\/\/fiction-science.com\/index.php\/wp-json\/wp\/v2\/users\/1"}],"replies":[{"embeddable":true,"href":"http:\/\/fiction-science.com\/index.php\/wp-json\/wp\/v2\/comments?post=468"}],"version-history":[{"count":5,"href":"http:\/\/fiction-science.com\/index.php\/wp-json\/wp\/v2\/pages\/468\/revisions"}],"predecessor-version":[{"id":536,"href":"http:\/\/fiction-science.com\/index.php\/wp-json\/wp\/v2\/pages\/468\/revisions\/536"}],"up":[{"embeddable":true,"href":"http:\/\/fiction-science.com\/index.php\/wp-json\/wp\/v2\/pages\/439"}],"wp:attachment":[{"href":"http:\/\/fiction-science.com\/index.php\/wp-json\/wp\/v2\/media?parent=468"}],"curies":[{"name":"wp","href":"https:\/\/api.w.org\/{rel}","templated":true}]}}