{"id":466,"date":"2021-07-17T11:47:45","date_gmt":"2021-07-17T09:47:45","guid":{"rendered":"http:\/\/fiction-science.com\/?page_id=466"},"modified":"2021-08-04T16:21:52","modified_gmt":"2021-08-04T14:21:52","slug":"physique-voyager-dans-le-temps","status":"publish","type":"page","link":"http:\/\/fiction-science.com\/index.php\/edition-2021\/podcasts\/physique-voyager-dans-le-temps\/","title":{"rendered":"Physique"},"content":{"rendered":"<h1 style=\"text-align: center;\"><span style=\"color: #800080;\"><strong>Voyager dans le temps ?<\/strong><\/span><\/h1>\n<p style=\"text-align: center;\"><img loading=\"lazy\" class=\"wp-image-506 aligncenter\" src=\"http:\/\/fiction-science.com\/wp-content\/uploads\/2021\/07\/physique1-300x169.jpg\" alt=\"\" width=\"473\" height=\"266\" srcset=\"http:\/\/fiction-science.com\/wp-content\/uploads\/2021\/07\/physique1-300x169.jpg 300w, http:\/\/fiction-science.com\/wp-content\/uploads\/2021\/07\/physique1-768x432.jpg 768w, http:\/\/fiction-science.com\/wp-content\/uploads\/2021\/07\/physique1-600x338.jpg 600w, http:\/\/fiction-science.com\/wp-content\/uploads\/2021\/07\/physique1.jpg 800w\" sizes=\"(max-width: 473px) 100vw, 473px\" \/><span style=\"font-size: 12px;\">Image : Pixabay, <em>Trou de ver<\/em>, libre de droits<\/span><\/p>\n<!--[if lt IE 9]><script>document.createElement('audio');<\/script><![endif]-->\n<audio class=\"wp-audio-shortcode\" id=\"audio-466-1\" preload=\"none\" style=\"width: 100%;\" controls=\"controls\"><source type=\"audio\/mpeg\" src=\"http:\/\/fiction-science.com\/wp-content\/uploads\/2021\/07\/Physique.mp3?_=1\" \/><a href=\"http:\/\/fiction-science.com\/wp-content\/uploads\/2021\/07\/Physique.mp3\">http:\/\/fiction-science.com\/wp-content\/uploads\/2021\/07\/Physique.mp3<\/a><\/audio>\n<p style=\"text-align: justify;\"><span style=\"font-size: 14px;\"><strong>Jean-Marie Vigoureux<\/strong> est physicien \u00e0 l\u2019Institut Utinam. Il consacre une part importante de son temps \u00e0 la diffusion de la culture scientifique et technique par des cours grand public et des conf\u00e9rences. Il a publi\u00e9 cinq livres destin\u00e9s \u00e0 tous (<i>Les Pommes de Newton <\/i>chez Albin Michel, <i>La qu\u00eate d\u2019Einstein, <\/i>chez Ellipses, <i>L\u2019Univers en perspective<\/i> chez Ellipses, <i>D\u00e9tournement de Science <\/i>chez \u00c9cosoci\u00e9t\u00e9 et <i>Eau, un \u00e9l\u00e9ment vital, un tr\u00e9sor menac\u00e9 <\/i>aux PPUR).<\/span><\/p>\n<p style=\"text-align: justify;\"><strong>R\u00e9sum\u00e9 :<\/strong> L\u2019\u00eatre humain a toujours r\u00eav\u00e9 de vaincre le temps. Voyager dans le temps, \u00e9chapper au temps comme dans la mythologie grecque quand Ath\u00e9na rajeunit ou vieillit Ulysse \u00e0 son gr\u00e9. Tous ces r\u00eaves peuvent-ils trouver un \u00e9cho dans la science contemporaine ?\u00a0 De toutes les grandeurs physiques, le temps est certainement celle que l\u2019on \u201cmesure\u201d avec la plus grande pr\u00e9cision. C\u2019est pourtant, aussi, la plus difficile \u00e0 saisir\u2026 Notion essentielle s\u2019il en est dans notre vie quotidienne, elle n\u2019est pas <i>a priori<\/i> naturelle au sens o\u00f9 peuvent l\u2019\u00eatre certaines autres\u2026 il suffit pour s\u2019en persuader de voir la difficult\u00e9 qu\u2019ont les enfants pour se l\u2019approprier, de constater que d\u2019autres peuples ont une notion de temps tr\u00e8s diff\u00e9rente de la notre, ou de voir, dans notre propre culture, comment a pu \u00e9voluer cette notion.<\/p>\n<p class=\"western\" style=\"text-align: justify;\">Dans cette intervention, nous aborderons bri\u00e8vement ces questions en montrant comment les pistes ouvertes par la thermodynamique de Boltzmann et la relativit\u00e9 g\u00e9n\u00e9rale d\u2019Einstein bousculent nos id\u00e9es sur le temps et permettent de mieux poser la question des voyages temporels.<\/p>\n","protected":false},"excerpt":{"rendered":"<p>Voyager dans le temps ? Image : Pixabay, Trou de ver, libre de droits Jean-Marie Vigoureux est physicien \u00e0 l\u2019Institut Utinam. Il consacre une part importante de son temps \u00e0 la diffusion de la culture scientifique et technique par des cours grand public et des conf\u00e9rences. Il a publi\u00e9 cinq livres destin\u00e9s \u00e0 tous (Les&#8230; <a class=\"more-link\" href=\"http:\/\/fiction-science.com\/index.php\/edition-2021\/podcasts\/physique-voyager-dans-le-temps\/#more-466\">Lire la Suite &rarr;<\/a><\/p>\n","protected":false},"author":1,"featured_media":0,"parent":439,"menu_order":0,"comment_status":"closed","ping_status":"closed","template":"","meta":[],"_links":{"self":[{"href":"http:\/\/fiction-science.com\/index.php\/wp-json\/wp\/v2\/pages\/466"}],"collection":[{"href":"http:\/\/fiction-science.com\/index.php\/wp-json\/wp\/v2\/pages"}],"about":[{"href":"http:\/\/fiction-science.com\/index.php\/wp-json\/wp\/v2\/types\/page"}],"author":[{"embeddable":true,"href":"http:\/\/fiction-science.com\/index.php\/wp-json\/wp\/v2\/users\/1"}],"replies":[{"embeddable":true,"href":"http:\/\/fiction-science.com\/index.php\/wp-json\/wp\/v2\/comments?post=466"}],"version-history":[{"count":10,"href":"http:\/\/fiction-science.com\/index.php\/wp-json\/wp\/v2\/pages\/466\/revisions"}],"predecessor-version":[{"id":541,"href":"http:\/\/fiction-science.com\/index.php\/wp-json\/wp\/v2\/pages\/466\/revisions\/541"}],"up":[{"embeddable":true,"href":"http:\/\/fiction-science.com\/index.php\/wp-json\/wp\/v2\/pages\/439"}],"wp:attachment":[{"href":"http:\/\/fiction-science.com\/index.php\/wp-json\/wp\/v2\/media?parent=466"}],"curies":[{"name":"wp","href":"https:\/\/api.w.org\/{rel}","templated":true}]}}