{"id":44,"date":"2018-03-20T20:37:55","date_gmt":"2018-03-20T20:37:55","guid":{"rendered":"https:\/\/rencontreuniversitaire.wordpress.com\/?page_id=44"},"modified":"2018-03-20T20:37:55","modified_gmt":"2018-03-20T20:37:55","slug":"resume-des-conferences","status":"publish","type":"page","link":"http:\/\/fiction-science.com\/index.php\/resume-des-conferences\/","title":{"rendered":"Photos 2017"},"content":{"rendered":"<p style=\"text-align: center;\">Quelques clich\u00e9s de l&rsquo;\u00e9v\u00e9nement \u00ab\u00a0Zombie\u00a0\u00bb<\/p>\n<p style=\"text-align: right;\"><em>Merci \u00e0 Jean-Jacques Dupaux pour les photos.<\/em><\/p>\n<div id='gallery-1' class='gallery galleryid-44 gallery-columns-3 gallery-size-thumbnail'><figure class='gallery-item'>\n\t\t\t<div class='gallery-icon landscape'>\n\t\t\t\t<a href='http:\/\/fiction-science.com\/imgp5673\/'><img width=\"150\" height=\"150\" src=\"http:\/\/fiction-science.com\/wp-content\/uploads\/2018\/03\/imgp5673-150x150.jpg\" class=\"attachment-thumbnail size-thumbnail\" alt=\"\" loading=\"lazy\" \/><\/a>\n\t\t\t<\/div><\/figure><figure class='gallery-item'>\n\t\t\t<div class='gallery-icon landscape'>\n\t\t\t\t<a href='http:\/\/fiction-science.com\/imgp5675\/'><img width=\"150\" height=\"150\" src=\"http:\/\/fiction-science.com\/wp-content\/uploads\/2018\/03\/imgp5675-150x150.jpg\" class=\"attachment-thumbnail size-thumbnail\" alt=\"\" loading=\"lazy\" \/><\/a>\n\t\t\t<\/div><\/figure><figure class='gallery-item'>\n\t\t\t<div class='gallery-icon landscape'>\n\t\t\t\t<a href='http:\/\/fiction-science.com\/imgp5677\/'><img width=\"150\" height=\"150\" src=\"http:\/\/fiction-science.com\/wp-content\/uploads\/2018\/03\/imgp5677-150x150.jpg\" class=\"attachment-thumbnail size-thumbnail\" alt=\"\" loading=\"lazy\" \/><\/a>\n\t\t\t<\/div><\/figure><figure class='gallery-item'>\n\t\t\t<div class='gallery-icon landscape'>\n\t\t\t\t<a href='http:\/\/fiction-science.com\/imgp5679\/'><img width=\"150\" height=\"150\" src=\"http:\/\/fiction-science.com\/wp-content\/uploads\/2018\/03\/imgp5679-150x150.jpg\" class=\"attachment-thumbnail size-thumbnail\" alt=\"\" loading=\"lazy\" \/><\/a>\n\t\t\t<\/div><\/figure><figure class='gallery-item'>\n\t\t\t<div class='gallery-icon landscape'>\n\t\t\t\t<a href='http:\/\/fiction-science.com\/imgp5683\/'><img width=\"150\" height=\"150\" src=\"http:\/\/fiction-science.com\/wp-content\/uploads\/2018\/03\/imgp5683-150x150.jpg\" class=\"attachment-thumbnail size-thumbnail\" alt=\"\" loading=\"lazy\" \/><\/a>\n\t\t\t<\/div><\/figure><figure class='gallery-item'>\n\t\t\t<div class='gallery-icon landscape'>\n\t\t\t\t<a href='http:\/\/fiction-science.com\/imgp5686\/'><img width=\"150\" height=\"150\" src=\"http:\/\/fiction-science.com\/wp-content\/uploads\/2018\/03\/imgp5686-150x150.jpg\" class=\"attachment-thumbnail size-thumbnail\" alt=\"\" loading=\"lazy\" \/><\/a>\n\t\t\t<\/div><\/figure><figure class='gallery-item'>\n\t\t\t<div class='gallery-icon portrait'>\n\t\t\t\t<a href='http:\/\/fiction-science.com\/imgp5696\/'><img width=\"150\" height=\"150\" src=\"http:\/\/fiction-science.com\/wp-content\/uploads\/2018\/03\/imgp5696-150x150.jpg\" class=\"attachment-thumbnail size-thumbnail\" alt=\"\" loading=\"lazy\" \/><\/a>\n\t\t\t<\/div><\/figure><figure class='gallery-item'>\n\t\t\t<div class='gallery-icon portrait'>\n\t\t\t\t<a href='http:\/\/fiction-science.com\/imgp5703\/'><img width=\"150\" height=\"150\" src=\"http:\/\/fiction-science.com\/wp-content\/uploads\/2018\/03\/imgp5703-150x150.jpg\" class=\"attachment-thumbnail size-thumbnail\" alt=\"\" loading=\"lazy\" \/><\/a>\n\t\t\t<\/div><\/figure><figure class='gallery-item'>\n\t\t\t<div class='gallery-icon portrait'>\n\t\t\t\t<a href='http:\/\/fiction-science.com\/imgp5705\/'><img width=\"150\" height=\"150\" src=\"http:\/\/fiction-science.com\/wp-content\/uploads\/2018\/03\/imgp5705-150x150.jpg\" class=\"attachment-thumbnail size-thumbnail\" alt=\"\" loading=\"lazy\" \/><\/a>\n\t\t\t<\/div><\/figure><figure class='gallery-item'>\n\t\t\t<div class='gallery-icon landscape'>\n\t\t\t\t<a href='http:\/\/fiction-science.com\/imgp5709\/'><img width=\"150\" height=\"150\" src=\"http:\/\/fiction-science.com\/wp-content\/uploads\/2018\/03\/imgp5709-150x150.jpg\" class=\"attachment-thumbnail size-thumbnail\" alt=\"\" loading=\"lazy\" \/><\/a>\n\t\t\t<\/div><\/figure><figure class='gallery-item'>\n\t\t\t<div class='gallery-icon portrait'>\n\t\t\t\t<a href='http:\/\/fiction-science.com\/imgp5711\/'><img width=\"150\" height=\"150\" src=\"http:\/\/fiction-science.com\/wp-content\/uploads\/2018\/03\/imgp5711-150x150.jpg\" class=\"attachment-thumbnail size-thumbnail\" alt=\"\" loading=\"lazy\" \/><\/a>\n\t\t\t<\/div><\/figure><figure class='gallery-item'>\n\t\t\t<div class='gallery-icon landscape'>\n\t\t\t\t<a href='http:\/\/fiction-science.com\/imgp5716\/'><img width=\"150\" height=\"150\" src=\"http:\/\/fiction-science.com\/wp-content\/uploads\/2018\/03\/imgp5716-150x150.jpg\" class=\"attachment-thumbnail size-thumbnail\" alt=\"\" loading=\"lazy\" \/><\/a>\n\t\t\t<\/div><\/figure><figure class='gallery-item'>\n\t\t\t<div class='gallery-icon portrait'>\n\t\t\t\t<a href='http:\/\/fiction-science.com\/imgp5727\/'><img width=\"150\" height=\"150\" src=\"http:\/\/fiction-science.com\/wp-content\/uploads\/2018\/03\/imgp5727-150x150.jpg\" class=\"attachment-thumbnail size-thumbnail\" alt=\"\" loading=\"lazy\" \/><\/a>\n\t\t\t<\/div><\/figure><figure class='gallery-item'>\n\t\t\t<div class='gallery-icon landscape'>\n\t\t\t\t<a href='http:\/\/fiction-science.com\/imgp5738\/'><img width=\"150\" height=\"150\" src=\"http:\/\/fiction-science.com\/wp-content\/uploads\/2018\/03\/imgp5738-150x150.jpg\" class=\"attachment-thumbnail size-thumbnail\" alt=\"\" loading=\"lazy\" \/><\/a>\n\t\t\t<\/div><\/figure><figure class='gallery-item'>\n\t\t\t<div class='gallery-icon landscape'>\n\t\t\t\t<a href='http:\/\/fiction-science.com\/imgp5743\/'><img width=\"150\" height=\"150\" src=\"http:\/\/fiction-science.com\/wp-content\/uploads\/2018\/03\/imgp5743-150x150.jpg\" class=\"attachment-thumbnail size-thumbnail\" alt=\"\" loading=\"lazy\" \/><\/a>\n\t\t\t<\/div><\/figure><figure class='gallery-item'>\n\t\t\t<div class='gallery-icon landscape'>\n\t\t\t\t<a href='http:\/\/fiction-science.com\/imgp5748\/'><img width=\"150\" height=\"150\" src=\"http:\/\/fiction-science.com\/wp-content\/uploads\/2018\/03\/imgp5748-150x150.jpg\" class=\"attachment-thumbnail size-thumbnail\" alt=\"\" loading=\"lazy\" \/><\/a>\n\t\t\t<\/div><\/figure><figure class='gallery-item'>\n\t\t\t<div class='gallery-icon portrait'>\n\t\t\t\t<a href='http:\/\/fiction-science.com\/imgp5753\/'><img width=\"150\" height=\"150\" src=\"http:\/\/fiction-science.com\/wp-content\/uploads\/2018\/03\/imgp5753-150x150.jpg\" class=\"attachment-thumbnail size-thumbnail\" alt=\"\" loading=\"lazy\" \/><\/a>\n\t\t\t<\/div><\/figure><figure class='gallery-item'>\n\t\t\t<div class='gallery-icon landscape'>\n\t\t\t\t<a href='http:\/\/fiction-science.com\/imgp5757\/'><img width=\"150\" height=\"150\" src=\"http:\/\/fiction-science.com\/wp-content\/uploads\/2018\/03\/imgp5757-150x150.jpg\" class=\"attachment-thumbnail size-thumbnail\" alt=\"\" loading=\"lazy\" \/><\/a>\n\t\t\t<\/div><\/figure><figure class='gallery-item'>\n\t\t\t<div class='gallery-icon landscape'>\n\t\t\t\t<a href='http:\/\/fiction-science.com\/imgp5763\/'><img width=\"150\" height=\"150\" src=\"http:\/\/fiction-science.com\/wp-content\/uploads\/2018\/03\/imgp5763-150x150.jpg\" class=\"attachment-thumbnail size-thumbnail\" alt=\"\" loading=\"lazy\" \/><\/a>\n\t\t\t<\/div><\/figure><figure class='gallery-item'>\n\t\t\t<div class='gallery-icon portrait'>\n\t\t\t\t<a href='http:\/\/fiction-science.com\/imgp5765\/'><img width=\"150\" height=\"150\" src=\"http:\/\/fiction-science.com\/wp-content\/uploads\/2018\/03\/imgp5765-150x150.jpg\" class=\"attachment-thumbnail size-thumbnail\" alt=\"\" loading=\"lazy\" \/><\/a>\n\t\t\t<\/div><\/figure><figure class='gallery-item'>\n\t\t\t<div class='gallery-icon portrait'>\n\t\t\t\t<a href='http:\/\/fiction-science.com\/imgp5775\/'><img width=\"150\" height=\"150\" src=\"http:\/\/fiction-science.com\/wp-content\/uploads\/2018\/03\/imgp5775-150x150.jpg\" class=\"attachment-thumbnail size-thumbnail\" alt=\"\" loading=\"lazy\" \/><\/a>\n\t\t\t<\/div><\/figure><figure class='gallery-item'>\n\t\t\t<div class='gallery-icon portrait'>\n\t\t\t\t<a href='http:\/\/fiction-science.com\/imgp5776\/'><img width=\"150\" height=\"150\" src=\"http:\/\/fiction-science.com\/wp-content\/uploads\/2018\/03\/imgp5776-150x150.jpg\" class=\"attachment-thumbnail size-thumbnail\" alt=\"\" loading=\"lazy\" \/><\/a>\n\t\t\t<\/div><\/figure><figure class='gallery-item'>\n\t\t\t<div class='gallery-icon portrait'>\n\t\t\t\t<a href='http:\/\/fiction-science.com\/imgp5780\/'><img width=\"150\" height=\"150\" src=\"http:\/\/fiction-science.com\/wp-content\/uploads\/2018\/03\/imgp5780-150x150.jpg\" class=\"attachment-thumbnail size-thumbnail\" alt=\"\" loading=\"lazy\" \/><\/a>\n\t\t\t<\/div><\/figure><figure class='gallery-item'>\n\t\t\t<div class='gallery-icon portrait'>\n\t\t\t\t<a href='http:\/\/fiction-science.com\/imgp5781\/'><img width=\"150\" height=\"150\" src=\"http:\/\/fiction-science.com\/wp-content\/uploads\/2018\/03\/imgp5781-150x150.jpg\" class=\"attachment-thumbnail size-thumbnail\" alt=\"\" loading=\"lazy\" \/><\/a>\n\t\t\t<\/div><\/figure><figure class='gallery-item'>\n\t\t\t<div class='gallery-icon landscape'>\n\t\t\t\t<a href='http:\/\/fiction-science.com\/imgp5790\/'><img width=\"150\" height=\"150\" src=\"http:\/\/fiction-science.com\/wp-content\/uploads\/2018\/03\/imgp5790-150x150.jpg\" class=\"attachment-thumbnail size-thumbnail\" alt=\"\" loading=\"lazy\" \/><\/a>\n\t\t\t<\/div><\/figure><figure class='gallery-item'>\n\t\t\t<div class='gallery-icon portrait'>\n\t\t\t\t<a href='http:\/\/fiction-science.com\/imgp5792\/'><img width=\"150\" height=\"150\" src=\"http:\/\/fiction-science.com\/wp-content\/uploads\/2018\/03\/imgp5792-150x150.jpg\" class=\"attachment-thumbnail size-thumbnail\" alt=\"\" loading=\"lazy\" \/><\/a>\n\t\t\t<\/div><\/figure><figure class='gallery-item'>\n\t\t\t<div class='gallery-icon landscape'>\n\t\t\t\t<a href='http:\/\/fiction-science.com\/imgp5794\/'><img width=\"150\" height=\"150\" src=\"http:\/\/fiction-science.com\/wp-content\/uploads\/2018\/03\/imgp5794-150x150.jpg\" class=\"attachment-thumbnail size-thumbnail\" alt=\"\" loading=\"lazy\" \/><\/a>\n\t\t\t<\/div><\/figure><figure class='gallery-item'>\n\t\t\t<div class='gallery-icon portrait'>\n\t\t\t\t<a href='http:\/\/fiction-science.com\/imgp5797\/'><img width=\"150\" height=\"150\" src=\"http:\/\/fiction-science.com\/wp-content\/uploads\/2018\/03\/imgp5797-150x150.jpg\" class=\"attachment-thumbnail size-thumbnail\" alt=\"\" loading=\"lazy\" \/><\/a>\n\t\t\t<\/div><\/figure><figure class='gallery-item'>\n\t\t\t<div class='gallery-icon portrait'>\n\t\t\t\t<a href='http:\/\/fiction-science.com\/imgp5803\/'><img width=\"150\" height=\"150\" src=\"http:\/\/fiction-science.com\/wp-content\/uploads\/2018\/03\/imgp5803-150x150.jpg\" class=\"attachment-thumbnail size-thumbnail\" alt=\"\" loading=\"lazy\" \/><\/a>\n\t\t\t<\/div><\/figure><figure class='gallery-item'>\n\t\t\t<div class='gallery-icon portrait'>\n\t\t\t\t<a href='http:\/\/fiction-science.com\/imgp5818\/'><img width=\"150\" height=\"150\" src=\"http:\/\/fiction-science.com\/wp-content\/uploads\/2018\/03\/imgp5818-150x150.jpg\" class=\"attachment-thumbnail size-thumbnail\" alt=\"\" loading=\"lazy\" \/><\/a>\n\t\t\t<\/div><\/figure><figure class='gallery-item'>\n\t\t\t<div class='gallery-icon portrait'>\n\t\t\t\t<a href='http:\/\/fiction-science.com\/imgp5828\/'><img width=\"150\" height=\"150\" src=\"http:\/\/fiction-science.com\/wp-content\/uploads\/2018\/03\/imgp5828-150x150.jpg\" class=\"attachment-thumbnail size-thumbnail\" alt=\"\" loading=\"lazy\" \/><\/a>\n\t\t\t<\/div><\/figure><figure class='gallery-item'>\n\t\t\t<div class='gallery-icon landscape'>\n\t\t\t\t<a href='http:\/\/fiction-science.com\/imgp5830\/'><img width=\"150\" height=\"150\" src=\"http:\/\/fiction-science.com\/wp-content\/uploads\/2018\/03\/imgp5830-150x150.jpg\" class=\"attachment-thumbnail size-thumbnail\" alt=\"\" loading=\"lazy\" \/><\/a>\n\t\t\t<\/div><\/figure><figure class='gallery-item'>\n\t\t\t<div class='gallery-icon landscape'>\n\t\t\t\t<a href='http:\/\/fiction-science.com\/imgp5831\/'><img width=\"150\" height=\"150\" src=\"http:\/\/fiction-science.com\/wp-content\/uploads\/2018\/03\/imgp5831-150x150.jpg\" class=\"attachment-thumbnail size-thumbnail\" alt=\"\" loading=\"lazy\" \/><\/a>\n\t\t\t<\/div><\/figure><figure class='gallery-item'>\n\t\t\t<div class='gallery-icon landscape'>\n\t\t\t\t<a href='http:\/\/fiction-science.com\/imgp5835\/'><img width=\"150\" height=\"150\" src=\"http:\/\/fiction-science.com\/wp-content\/uploads\/2018\/03\/imgp5835-150x150.jpg\" class=\"attachment-thumbnail size-thumbnail\" alt=\"\" loading=\"lazy\" \/><\/a>\n\t\t\t<\/div><\/figure>\n\t\t<\/div>\n\n","protected":false},"excerpt":{"rendered":"<p>Quelques clich\u00e9s de l&rsquo;\u00e9v\u00e9nement \u00ab\u00a0Zombie\u00a0\u00bb Merci \u00e0 Jean-Jacques Dupaux pour les photos.<\/p>\n","protected":false},"author":1,"featured_media":0,"parent":0,"menu_order":0,"comment_status":"closed","ping_status":"closed","template":"","meta":[],"_links":{"self":[{"href":"http:\/\/fiction-science.com\/index.php\/wp-json\/wp\/v2\/pages\/44"}],"collection":[{"href":"http:\/\/fiction-science.com\/index.php\/wp-json\/wp\/v2\/pages"}],"about":[{"href":"http:\/\/fiction-science.com\/index.php\/wp-json\/wp\/v2\/types\/page"}],"author":[{"embeddable":true,"href":"http:\/\/fiction-science.com\/index.php\/wp-json\/wp\/v2\/users\/1"}],"replies":[{"embeddable":true,"href":"http:\/\/fiction-science.com\/index.php\/wp-json\/wp\/v2\/comments?post=44"}],"version-history":[{"count":0,"href":"http:\/\/fiction-science.com\/index.php\/wp-json\/wp\/v2\/pages\/44\/revisions"}],"wp:attachment":[{"href":"http:\/\/fiction-science.com\/index.php\/wp-json\/wp\/v2\/media?parent=44"}],"curies":[{"name":"wp","href":"https:\/\/api.w.org\/{rel}","templated":true}]}}