{"id":42,"date":"2018-03-20T20:36:32","date_gmt":"2018-03-20T20:36:32","guid":{"rendered":"https:\/\/rencontreuniversitaire.wordpress.com\/?page_id=42"},"modified":"2018-03-20T20:36:32","modified_gmt":"2018-03-20T20:36:32","slug":"streaming","status":"publish","type":"page","link":"http:\/\/fiction-science.com\/index.php\/streaming\/","title":{"rendered":"Streaming 2017"},"content":{"rendered":"<p style=\"text-align: center;\">Retrouvez ci-dessous les vid\u00e9os des conf\u00e9rences ci dessous.<\/p>\n<p style=\"text-align: center;\">Merci \u00e0 la <a href=\"http:\/\/cellule-video.univ-fcomte.fr\/wordpress\/\" target=\"_blank\" rel=\"noopener\">Cellule Vid\u00e9o<\/a> de l&rsquo;UPFR pour les captations !<\/p>\n<p style=\"text-align: center;\">Vous pouvez \u00e9galement <a href=\"https:\/\/www.youtube.com\/watch?v=_WmjOnb6gJY&amp;list=PL5olqLe-5hSXRf5HxKzDUoa--e0v8lwPR\" target=\"_blank\" rel=\"noopener\">vous rendre sur la cha\u00eene Youtube d\u00e9di\u00e9e \u00e0 cela<\/a> !<\/p>\n<p>&nbsp;<\/p>\n<p style=\"text-align: center;\"><strong>Le TEASER<\/strong><\/p>\n<p><iframe loading=\"lazy\" width=\"736\" height=\"414\" src=\"https:\/\/www.youtube.com\/embed\/_WmjOnb6gJY?feature=oembed\" frameborder=\"0\" allow=\"autoplay; encrypted-media\" allowfullscreen><\/iframe><\/p>\n<p>&nbsp;<\/p>\n<p style=\"text-align: center;\"><strong>INTRODUCTION<\/strong><\/p>\n<p><iframe loading=\"lazy\" width=\"736\" height=\"414\" src=\"https:\/\/www.youtube.com\/embed\/K5wf5W_6Htk?feature=oembed\" frameborder=\"0\" allow=\"autoplay; encrypted-media\" allowfullscreen><\/iframe><\/p>\n<p>&nbsp;<\/p>\n<p style=\"text-align: center;\"><strong>\u00ab\u00a0LES ZOMBIES QUI SONT EN NOUS\u00a0\u00bb<\/strong><\/p>\n<p><iframe loading=\"lazy\" width=\"736\" height=\"414\" src=\"https:\/\/www.youtube.com\/embed\/qjPKas2arvM?feature=oembed\" frameborder=\"0\" allow=\"autoplay; encrypted-media\" allowfullscreen><\/iframe><\/p>\n<p>&nbsp;<\/p>\n<p style=\"text-align: center;\"><strong>\u00ab\u00a0ZOMBIES : UN LABORATOIRE DU POLITIQUE\u00a0\u00bb<\/strong><\/p>\n<p><iframe loading=\"lazy\" width=\"736\" height=\"414\" src=\"https:\/\/www.youtube.com\/embed\/gRsdw4DoZGg?feature=oembed\" frameborder=\"0\" allow=\"autoplay; encrypted-media\" allowfullscreen><\/iframe><\/p>\n<p>&nbsp;<\/p>\n<p style=\"text-align: center;\"><strong>\u00ab\u00a0FILMS DE ZOMBIES : UN SOUS-GENRE DE L&rsquo;HORREUR REALISTE ?\u00a0\u00bb<\/strong><\/p>\n<p><iframe loading=\"lazy\" width=\"736\" height=\"414\" src=\"https:\/\/www.youtube.com\/embed\/sE2HAnLGB1w?feature=oembed\" frameborder=\"0\" allow=\"autoplay; encrypted-media\" allowfullscreen><\/iframe><\/p>\n<p>&nbsp;<\/p>\n<p style=\"text-align: center;\"><strong>\u00ab\u00a0DU VIRUS AU ZOMBIE\u00a0\u00bb<\/strong><\/p>\n<p><iframe loading=\"lazy\" width=\"736\" height=\"414\" src=\"https:\/\/www.youtube.com\/embed\/6XozecOXfOo?feature=oembed\" frameborder=\"0\" allow=\"autoplay; encrypted-media\" allowfullscreen><\/iframe><\/p>\n<p>&nbsp;<\/p>\n<p style=\"text-align: center;\"><strong>\u00ab\u00a0LE ZOMBIE : UN CORPS COMIQUE ?\u00a0\u00bb<\/strong><\/p>\n<p><iframe loading=\"lazy\" width=\"736\" height=\"414\" src=\"https:\/\/www.youtube.com\/embed\/VOco2SDJ_rw?feature=oembed\" frameborder=\"0\" allow=\"autoplay; encrypted-media\" allowfullscreen><\/iframe><\/p>\n<p>&nbsp;<\/p>\n<p style=\"text-align: center;\"><strong>\u00ab\u00a0MARCHER SANS T\u00caTE, EST-CE POSSIBLE ?\u00a0\u00bb<\/strong><\/p>\n<p><iframe loading=\"lazy\" width=\"736\" height=\"414\" src=\"https:\/\/www.youtube.com\/embed\/dJ4QkbuIN2M?start=851&#038;feature=oembed\" frameborder=\"0\" allow=\"autoplay; encrypted-media\" allowfullscreen><\/iframe><\/p>\n<p>&nbsp;<\/p>\n<p style=\"text-align: center;\"><strong>\u00ab\u00a0LES ZOMBIES ET LA PERTE DE SENS DU MONDE\u00a0\u00bb<\/strong><\/p>\n<p><iframe loading=\"lazy\" width=\"736\" height=\"414\" src=\"https:\/\/www.youtube.com\/embed\/vwTrlI__21M?feature=oembed\" frameborder=\"0\" allow=\"autoplay; encrypted-media\" allowfullscreen><\/iframe><\/p>\n<p>&nbsp;<\/p>\n<p style=\"text-align: center;\"><strong>\u00ab\u00a0AU CROISEMENT DES TRADITIONS HA\u00cfTIENNES, SCANDINAVES ET CHR\u00c9TIENNES\u00a0\u00bb<\/strong><\/p>\n<p><iframe loading=\"lazy\" width=\"736\" height=\"414\" src=\"https:\/\/www.youtube.com\/embed\/hhDoqS1cNEY?feature=oembed\" frameborder=\"0\" allow=\"autoplay; encrypted-media\" allowfullscreen><\/iframe><\/p>\n<p>&nbsp;<\/p>\n<p style=\"text-align: center;\"><strong>SYNTH\u00c8SE ET CONCLUSION<\/strong><\/p>\n<p><iframe loading=\"lazy\" width=\"736\" height=\"414\" src=\"https:\/\/www.youtube.com\/embed\/mm7LFdj6xzk?feature=oembed\" frameborder=\"0\" allow=\"autoplay; encrypted-media\" allowfullscreen><\/iframe><\/p>\n<p style=\"text-align: center;\">\n","protected":false},"excerpt":{"rendered":"<p>Retrouvez ci-dessous les vid\u00e9os des conf\u00e9rences ci dessous. Merci \u00e0 la Cellule Vid\u00e9o de l&rsquo;UPFR pour les captations ! Vous pouvez \u00e9galement vous rendre sur la cha\u00eene Youtube d\u00e9di\u00e9e \u00e0 cela ! &nbsp; Le TEASER &nbsp; INTRODUCTION &nbsp; \u00ab\u00a0LES ZOMBIES QUI SONT EN NOUS\u00a0\u00bb &nbsp; \u00ab\u00a0ZOMBIES : UN LABORATOIRE DU POLITIQUE\u00a0\u00bb &nbsp; \u00ab\u00a0FILMS DE ZOMBIES&#8230; <a class=\"more-link\" href=\"http:\/\/fiction-science.com\/index.php\/streaming\/#more-42\">Lire la Suite &rarr;<\/a><\/p>\n","protected":false},"author":1,"featured_media":0,"parent":0,"menu_order":0,"comment_status":"closed","ping_status":"closed","template":"","meta":[],"_links":{"self":[{"href":"http:\/\/fiction-science.com\/index.php\/wp-json\/wp\/v2\/pages\/42"}],"collection":[{"href":"http:\/\/fiction-science.com\/index.php\/wp-json\/wp\/v2\/pages"}],"about":[{"href":"http:\/\/fiction-science.com\/index.php\/wp-json\/wp\/v2\/types\/page"}],"author":[{"embeddable":true,"href":"http:\/\/fiction-science.com\/index.php\/wp-json\/wp\/v2\/users\/1"}],"replies":[{"embeddable":true,"href":"http:\/\/fiction-science.com\/index.php\/wp-json\/wp\/v2\/comments?post=42"}],"version-history":[{"count":0,"href":"http:\/\/fiction-science.com\/index.php\/wp-json\/wp\/v2\/pages\/42\/revisions"}],"wp:attachment":[{"href":"http:\/\/fiction-science.com\/index.php\/wp-json\/wp\/v2\/media?parent=42"}],"curies":[{"name":"wp","href":"https:\/\/api.w.org\/{rel}","templated":true}]}}