{"id":36,"date":"2018-03-20T20:31:26","date_gmt":"2018-03-20T20:31:26","guid":{"rendered":"https:\/\/rencontreuniversitaire.wordpress.com\/?page_id=36"},"modified":"2018-03-20T20:31:26","modified_gmt":"2018-03-20T20:31:26","slug":"programme-zombie","status":"publish","type":"page","link":"http:\/\/fiction-science.com\/index.php\/programme-zombie\/","title":{"rendered":"\u00ab\u00a0Zombie : mythe ou r\u00e9alit\u00e9 ?\u00a0\u00bb"},"content":{"rendered":"<p style=\"text-align: justify;\">Organis\u00e9es dans le cadre du festival LUDINAM , les premi\u00e8res rencontres universitaires \u00ab\u00a0Zombies : mythe ou r\u00e9alit\u00e9 ?\u00a0\u00bb se\u00a0 sont d\u00e9roul\u00e9es le 26 mai 2017 \u00e0 la facult\u00e9 des sciences du Sport de Besan\u00e7on.<\/p>\n<p><a href=\"http:\/\/fiction-science.com\/wp-content\/uploads\/2018\/03\/affiche.jpg\" target=\"_blank\" rel=\"noopener\"><img loading=\"lazy\" class=\"aligncenter wp-image-25\" src=\"http:\/\/fiction-science.com\/wp-content\/uploads\/2018\/03\/affiche.jpg\" alt=\"Affiche\" width=\"302\" height=\"427\" srcset=\"http:\/\/fiction-science.com\/wp-content\/uploads\/2018\/03\/affiche.jpg 952w, http:\/\/fiction-science.com\/wp-content\/uploads\/2018\/03\/affiche-212x300.jpg 212w, http:\/\/fiction-science.com\/wp-content\/uploads\/2018\/03\/affiche-768x1087.jpg 768w, http:\/\/fiction-science.com\/wp-content\/uploads\/2018\/03\/affiche-724x1024.jpg 724w\" sizes=\"(max-width: 302px) 100vw, 302px\" \/><\/a><\/p>\n<p style=\"text-align: justify;\">Au programme : 9 conf\u00e9renciers invit\u00e9s de France et de Suisse, chacun sp\u00e9cialistes de leur domaine pour exposer la vision de la science sur le ph\u00e9nom\u00e8ne Zombie. Alors, Mythe ou R\u00e9alit\u00e9 ? Retrouvez ci-dessous la liste des conf\u00e9rences. Vous pouvez<a href=\"http:\/\/fiction-science.com\/wp-content\/uploads\/2018\/03\/livret_internet.pdf\" target=\"_blank\" rel=\"noopener\"> t\u00e9l\u00e9charger ici le r\u00e9sum\u00e9 complet des conf\u00e9rence<\/a> ou bien visionner les conf\u00e9rences ici.<\/p>\n<h4 style=\"text-align: center;\"><strong><u>PROGRAMME COMPLET<\/u><\/strong><\/h4>\n<p style=\"text-align: center;\"><span style=\"color: #800000;\"><strong>\u00ab\u00a0Pr\u00e9sentation de la journ\u00e9e\u00a0: les mondes des zombies.\u00a0\u00bb<\/strong><\/span><br \/>\n<em>Audrey Tuaillon Dem\u00e9sy et Sidney Grospr\u00eatre,<\/em><\/p>\n<p style=\"text-align: center;\"><span style=\"color: #800000;\"><strong>\u00a0\u00ab\u00a0Les zombies et la perte de sens du monde.\u00a0\u00bb<\/strong><\/span><br \/>\n<em>Manouk Borzakian, G\u00e9ographie, Lausanne<\/em><\/p>\n<p style=\"text-align: center;\"><span style=\"color: #800000;\"><strong>\u00ab\u00a0Les Zombies qui sont en nous.\u00a0\u00bb<\/strong><\/span><br \/>\n<em>Fabien Perrin, Neurosciences, Lyon<\/em><\/p>\n<p style=\"text-align: center;\"><span style=\"color: #800000;\"><strong>\u00ab\u00a0Le corps zombie, un corps comique\u00a0?\u00a0\u00bb<\/strong><\/span><br \/>\n<em>Adrienne Boutang, Cin\u00e9matographie, Paris<\/em><\/p>\n<p style=\"text-align: center;\"><span style=\"color: #800000;\"><strong>\u00ab\u00a0Marcher sans t\u00eate et penser sans corps, est-ce possible ?\u00a0\u00bb<\/strong><\/span><br \/>\n<em>Sidney Grospr\u00eatre, Neurophysiologie, Besan\u00e7on<\/em><\/p>\n<p style=\"text-align: center;\"><span style=\"color: #800000;\"><strong>\u00ab\u00a0Les films de zombies\u00a0: un sous-genre de l\u2019horreur r\u00e9aliste\u2009?\u00a0\u00bb<\/strong><\/span><br \/>\n<em>Hugo Cl\u00e9mot, Philosophie, Paris<\/em><\/p>\n<p style=\"text-align: center;\"><span style=\"color: #800000;\"><strong>\u00ab\u00a0La repr\u00e9sentation de la ville chez Romero\u00a0\u00bb<\/strong><\/span><br \/>\n<em>Alfonso Pinto, G\u00e9ographie, Lyon<\/em><\/p>\n<p style=\"text-align: center;\"><span style=\"color: #800000;\"><strong>\u00ab\u00a0Du virus au zombie. Le point de vue de la biologie\u00a0\u00bb<\/strong><\/span><br \/>\n<em>S\u00e9bastien Causse, Biologie mol\u00e9culaire, Dijon<\/em><\/p>\n<p style=\"text-align: center;\"><span style=\"color: #800000;\"><strong>\u00ab\u00a0Zombies contemporains\u00a0: un laboratoire du politique\u00a0\u00bb<\/strong><\/span><br \/>\n<em>Cl\u00e9mentine Hougue, Litt\u00e9rature, Le Mans<\/em><\/p>\n<p style=\"text-align: center;\"><span style=\"color: #800000;\"><strong>\u00ab\u00a0Le zombie des jeux de r\u00f4le. Au croisement des traditions ha\u00eftiennes,<br \/>\ngermano-scandinaves et chr\u00e9tiennes\u00a0\u00bb<\/strong><\/span><br \/>\n<em>Laurent Di Filippo, Science de l&rsquo;information et de la communication, Strasbourg<\/em><\/p>\n<p style=\"text-align: center;\"><span style=\"color: #800000;\"><strong>\u00ab\u00a0Synth\u00e8se et conclusion\u00a0\u00bb<\/strong><\/span><br \/>\n<em>Gilles Ferr\u00e9ol, directeur du laboratoire C3S de Besan\u00e7on<\/em><\/p>\n<hr \/>\n<h4 style=\"text-align: center;\"><span style=\"color: #ff0000;\"><a style=\"color: #ff0000;\" href=\"http:\/\/fiction-science.com\/wp-content\/uploads\/2018\/03\/livret_internet.pdf\" target=\"_blank\" rel=\"noopener\">\u00a0&gt;&gt;&gt; TELECHARGER LE LIVRET COMPLET&lt;&lt;&lt;<\/a> <\/span><\/h4>\n<hr \/>\n<p>&nbsp;\t\t<\/p>\n","protected":false},"excerpt":{"rendered":"<p>Organis\u00e9es dans le cadre du festival LUDINAM , les premi\u00e8res rencontres universitaires \u00ab\u00a0Zombies : mythe ou r\u00e9alit\u00e9 ?\u00a0\u00bb se\u00a0 sont d\u00e9roul\u00e9es le 26 mai 2017 \u00e0 la facult\u00e9 des sciences du Sport de Besan\u00e7on. Au programme : 9 conf\u00e9renciers invit\u00e9s de France et de Suisse, chacun sp\u00e9cialistes de leur domaine pour exposer la vision de&#8230; <a class=\"more-link\" href=\"http:\/\/fiction-science.com\/index.php\/programme-zombie\/#more-36\">Lire la Suite &rarr;<\/a><\/p>\n","protected":false},"author":1,"featured_media":0,"parent":0,"menu_order":0,"comment_status":"closed","ping_status":"closed","template":"","meta":[],"_links":{"self":[{"href":"http:\/\/fiction-science.com\/index.php\/wp-json\/wp\/v2\/pages\/36"}],"collection":[{"href":"http:\/\/fiction-science.com\/index.php\/wp-json\/wp\/v2\/pages"}],"about":[{"href":"http:\/\/fiction-science.com\/index.php\/wp-json\/wp\/v2\/types\/page"}],"author":[{"embeddable":true,"href":"http:\/\/fiction-science.com\/index.php\/wp-json\/wp\/v2\/users\/1"}],"replies":[{"embeddable":true,"href":"http:\/\/fiction-science.com\/index.php\/wp-json\/wp\/v2\/comments?post=36"}],"version-history":[{"count":0,"href":"http:\/\/fiction-science.com\/index.php\/wp-json\/wp\/v2\/pages\/36\/revisions"}],"wp:attachment":[{"href":"http:\/\/fiction-science.com\/index.php\/wp-json\/wp\/v2\/media?parent=36"}],"curies":[{"name":"wp","href":"https:\/\/api.w.org\/{rel}","templated":true}]}}