{"id":316,"date":"2019-05-20T12:57:32","date_gmt":"2019-05-20T11:57:32","guid":{"rendered":"http:\/\/fiction-science.com\/?page_id=316"},"modified":"2021-11-26T21:31:57","modified_gmt":"2021-11-26T20:31:57","slug":"streaming-2019","status":"publish","type":"page","link":"http:\/\/fiction-science.com\/index.php\/streaming-2019\/","title":{"rendered":"Streaming 2019"},"content":{"rendered":"<p>Retrouvez ci-dessous les vid\u00e9os des conf\u00e9rences ci dessous.<\/p>\n<p>Merci \u00e0 la <a href=\"http:\/\/cellule-video.univ-fcomte.fr\/wordpress\/\" target=\"_blank\" rel=\"noopener\">Cellule Vid\u00e9o<\/a> de l&rsquo;UFR STAPS pour les captations !<\/p>\n<hr \/>\n<p style=\"text-align: center;\"><em><strong>Le TEASER<\/strong><\/em><\/p>\n<p><iframe loading=\"lazy\" title=\"Rencontres universitaires &quot;Cyborg : mythe ou r\u00e9alit\u00e9 ?&quot;- Le teaser\" width=\"736\" height=\"414\" src=\"https:\/\/www.youtube.com\/embed\/upeI5lsPyKc?feature=oembed\" frameborder=\"0\" allow=\"accelerometer; autoplay; clipboard-write; encrypted-media; gyroscope; picture-in-picture\" allowfullscreen><\/iframe><\/p>\n<hr \/>\n<p style=\"text-align: center;\"><strong>Quand un roboticien regarde de la science fiction<\/strong><\/p>\n<p style=\"text-align: center;\">Dr Galo Maldonado<\/p>\n<p><a href=\"https:\/\/mediacenter.univ-fcomte.fr\/videos\/01-quand-un-roboticien-regarde-de-la-science-fiction-dr-galo-maldonado\/\" target=\"_blank\" rel=\"noopener\"><img loading=\"lazy\" class=\"aligncenter wp-image-569 size-medium\" src=\"http:\/\/fiction-science.com\/wp-content\/uploads\/2021\/11\/maldonado-300x146.jpg\" alt=\"\" width=\"300\" height=\"146\" srcset=\"http:\/\/fiction-science.com\/wp-content\/uploads\/2021\/11\/maldonado-300x146.jpg 300w, http:\/\/fiction-science.com\/wp-content\/uploads\/2021\/11\/maldonado-1024x499.jpg 1024w, http:\/\/fiction-science.com\/wp-content\/uploads\/2021\/11\/maldonado-768x374.jpg 768w, http:\/\/fiction-science.com\/wp-content\/uploads\/2021\/11\/maldonado-600x292.jpg 600w, http:\/\/fiction-science.com\/wp-content\/uploads\/2021\/11\/maldonado.jpg 1267w\" sizes=\"(max-width: 300px) 100vw, 300px\" \/><\/a><\/p>\n<p style=\"text-align: center;\"><a href=\"https:\/\/mediacenter.univ-fcomte.fr\/videos\/01-quand-un-roboticien-regarde-de-la-science-fiction-dr-galo-maldonado\/\" target=\"_blank\" rel=\"noopener\">voir la conf\u00e9rence<\/a><\/p>\n<hr \/>\n<p style=\"text-align: center;\"><strong>Nous n&rsquo;avons jamais \u00e9t\u00e9 cyborgs<\/strong><\/p>\n<p style=\"text-align: center;\">Dr Gabriel Dorthe<\/p>\n<p><a href=\"https:\/\/mediacenter.univ-fcomte.fr\/videos\/02-nous-navons-jamais-ete-cyborgs-dr-gabriel-dorthe\/\" target=\"_blank\" rel=\"noopener\"><img loading=\"lazy\" class=\"aligncenter wp-image-570 size-medium\" src=\"http:\/\/fiction-science.com\/wp-content\/uploads\/2021\/11\/dhote-300x158.jpg\" alt=\"\" width=\"300\" height=\"158\" srcset=\"http:\/\/fiction-science.com\/wp-content\/uploads\/2021\/11\/dhote-300x158.jpg 300w, http:\/\/fiction-science.com\/wp-content\/uploads\/2021\/11\/dhote-1024x538.jpg 1024w, http:\/\/fiction-science.com\/wp-content\/uploads\/2021\/11\/dhote-768x403.jpg 768w, http:\/\/fiction-science.com\/wp-content\/uploads\/2021\/11\/dhote-600x315.jpg 600w, http:\/\/fiction-science.com\/wp-content\/uploads\/2021\/11\/dhote.jpg 1190w\" sizes=\"(max-width: 300px) 100vw, 300px\" \/><\/a><\/p>\n<p style=\"text-align: center;\"><a href=\"https:\/\/mediacenter.univ-fcomte.fr\/videos\/02-nous-navons-jamais-ete-cyborgs-dr-gabriel-dorthe\/\" target=\"_blank\" rel=\"noopener\">voir la conf\u00e9rence<\/a><\/p>\n<hr \/>\n<p style=\"text-align: center;\"><strong>Le syst\u00e8me nerveux le circuit \u00e9lectronique de l\u2019homme<\/strong><\/p>\n<p style=\"text-align: center;\">Dr Sidney Grospr\u00eatre<\/p>\n<p><a href=\"https:\/\/mediacenter.univ-fcomte.fr\/videos\/03-le-systeme-nerveux-le-circuit-electronique-de-lhomme-dr-sydney-grospretre\/\" target=\"_blank\" rel=\"noopener\"><img loading=\"lazy\" class=\"aligncenter wp-image-572 size-medium\" src=\"http:\/\/fiction-science.com\/wp-content\/uploads\/2021\/11\/grospretre-300x152.jpg\" alt=\"\" width=\"300\" height=\"152\" srcset=\"http:\/\/fiction-science.com\/wp-content\/uploads\/2021\/11\/grospretre-300x152.jpg 300w, http:\/\/fiction-science.com\/wp-content\/uploads\/2021\/11\/grospretre-1024x520.jpg 1024w, http:\/\/fiction-science.com\/wp-content\/uploads\/2021\/11\/grospretre-768x390.jpg 768w, http:\/\/fiction-science.com\/wp-content\/uploads\/2021\/11\/grospretre-600x305.jpg 600w, http:\/\/fiction-science.com\/wp-content\/uploads\/2021\/11\/grospretre.jpg 1207w\" sizes=\"(max-width: 300px) 100vw, 300px\" \/><\/a><\/p>\n<p style=\"text-align: center;\"><a href=\"https:\/\/mediacenter.univ-fcomte.fr\/videos\/03-le-systeme-nerveux-le-circuit-electronique-de-lhomme-dr-sydney-grospretre\/\" target=\"_blank\" rel=\"noopener\">voir la conf\u00e9rence<\/a><\/p>\n<hr \/>\n<p style=\"text-align: center;\"><strong>Les femmes humano\u00efdes dans l\u2019imaginaire transhumaniste<\/strong><\/p>\n<p style=\"text-align: center;\">Dr S\u00e9bastien Haissat<\/p>\n<p><a href=\"https:\/\/mediacenter.univ-fcomte.fr\/videos\/04-les-femmes-humanoides-dans-limaginaire-transhumaniste-dr-sebastien-haissat\/\" target=\"_blank\" rel=\"noopener\"><img loading=\"lazy\" class=\"aligncenter wp-image-568 size-medium\" src=\"http:\/\/fiction-science.com\/wp-content\/uploads\/2021\/11\/haissat-300x149.jpg\" alt=\"\" width=\"300\" height=\"149\" srcset=\"http:\/\/fiction-science.com\/wp-content\/uploads\/2021\/11\/haissat-300x149.jpg 300w, http:\/\/fiction-science.com\/wp-content\/uploads\/2021\/11\/haissat-1024x510.jpg 1024w, http:\/\/fiction-science.com\/wp-content\/uploads\/2021\/11\/haissat-768x382.jpg 768w, http:\/\/fiction-science.com\/wp-content\/uploads\/2021\/11\/haissat-600x299.jpg 600w, http:\/\/fiction-science.com\/wp-content\/uploads\/2021\/11\/haissat.jpg 1260w\" sizes=\"(max-width: 300px) 100vw, 300px\" \/><\/a><\/p>\n<p style=\"text-align: center;\"><a href=\"https:\/\/mediacenter.univ-fcomte.fr\/videos\/04-les-femmes-humanoides-dans-limaginaire-transhumaniste-dr-sebastien-haissat\/\" target=\"_blank\" rel=\"noopener\">voir la conf\u00e9rence<\/a><\/p>\n<hr \/>\n<p style=\"text-align: center;\"><strong>Le mouvement d\u2019un robot peut-il \u00e9galer le mouvement humain ?<\/strong><\/p>\n<p style=\"text-align: center;\">Dr J\u00e9r\u00e9mie Gaveau<\/p>\n<p><a href=\"https:\/\/mediacenter.univ-fcomte.fr\/videos\/05-le-mouvement-dun-robot-peux-t-il-egaler-le-mouvement-humain-dr-jeremie-gaveau\/\" target=\"_blank\" rel=\"noopener\"><img loading=\"lazy\" class=\"aligncenter wp-image-571 size-medium\" src=\"http:\/\/fiction-science.com\/wp-content\/uploads\/2021\/11\/gaveau-300x151.jpg\" alt=\"\" width=\"300\" height=\"151\" srcset=\"http:\/\/fiction-science.com\/wp-content\/uploads\/2021\/11\/gaveau-300x151.jpg 300w, http:\/\/fiction-science.com\/wp-content\/uploads\/2021\/11\/gaveau-1024x516.jpg 1024w, http:\/\/fiction-science.com\/wp-content\/uploads\/2021\/11\/gaveau-768x387.jpg 768w, http:\/\/fiction-science.com\/wp-content\/uploads\/2021\/11\/gaveau-600x302.jpg 600w, http:\/\/fiction-science.com\/wp-content\/uploads\/2021\/11\/gaveau.jpg 1242w\" sizes=\"(max-width: 300px) 100vw, 300px\" \/><\/a><\/p>\n<p style=\"text-align: center;\"><a href=\"https:\/\/mediacenter.univ-fcomte.fr\/videos\/05-le-mouvement-dun-robot-peux-t-il-egaler-le-mouvement-humain-dr-jeremie-gaveau\/\" target=\"_blank\" rel=\"noopener\">voir la conf\u00e9rence<\/a><\/p>\n<p>&nbsp;<\/p>\n<hr \/>\n<p style=\"text-align: center;\">D&rsquo;une mani\u00e8re g\u00e9n\u00e9rale, retrouvez tous les replays sur la plateforme vid\u00e9o de l&rsquo;universit\u00e9 de Franche-Comt\u00e9 ici :<br \/>\n<a href=\"https:\/\/mediacenter.univ-fcomte.fr\/channels\/#rencontres-universitaires-fiction-science\" target=\"_blank\" rel=\"noopener\">https:\/\/mediacenter.univ-fcomte.fr\/channels\/#rencontres-universitaires-fiction-science<\/a><\/p>\n<hr \/>\n<p>&nbsp;<\/p>\n","protected":false},"excerpt":{"rendered":"<p>Retrouvez ci-dessous les vid\u00e9os des conf\u00e9rences ci dessous. Merci \u00e0 la Cellule Vid\u00e9o de l&rsquo;UFR STAPS pour les captations ! Le TEASER Quand un roboticien regarde de la science fiction Dr Galo Maldonado voir la conf\u00e9rence Nous n&rsquo;avons jamais \u00e9t\u00e9 cyborgs Dr Gabriel Dorthe voir la conf\u00e9rence Le syst\u00e8me nerveux le circuit \u00e9lectronique de l\u2019homme&#8230; <a class=\"more-link\" href=\"http:\/\/fiction-science.com\/index.php\/streaming-2019\/#more-316\">Lire la Suite &rarr;<\/a><\/p>\n","protected":false},"author":1,"featured_media":0,"parent":0,"menu_order":0,"comment_status":"closed","ping_status":"closed","template":"","meta":[],"_links":{"self":[{"href":"http:\/\/fiction-science.com\/index.php\/wp-json\/wp\/v2\/pages\/316"}],"collection":[{"href":"http:\/\/fiction-science.com\/index.php\/wp-json\/wp\/v2\/pages"}],"about":[{"href":"http:\/\/fiction-science.com\/index.php\/wp-json\/wp\/v2\/types\/page"}],"author":[{"embeddable":true,"href":"http:\/\/fiction-science.com\/index.php\/wp-json\/wp\/v2\/users\/1"}],"replies":[{"embeddable":true,"href":"http:\/\/fiction-science.com\/index.php\/wp-json\/wp\/v2\/comments?post=316"}],"version-history":[{"count":5,"href":"http:\/\/fiction-science.com\/index.php\/wp-json\/wp\/v2\/pages\/316\/revisions"}],"predecessor-version":[{"id":577,"href":"http:\/\/fiction-science.com\/index.php\/wp-json\/wp\/v2\/pages\/316\/revisions\/577"}],"wp:attachment":[{"href":"http:\/\/fiction-science.com\/index.php\/wp-json\/wp\/v2\/media?parent=316"}],"curies":[{"name":"wp","href":"https:\/\/api.w.org\/{rel}","templated":true}]}}