{"id":254,"date":"2019-03-07T20:14:17","date_gmt":"2019-03-07T19:14:17","guid":{"rendered":"http:\/\/fiction-science.com\/?page_id=254"},"modified":"2022-04-27T14:27:20","modified_gmt":"2022-04-27T12:27:20","slug":"photos-2018","status":"publish","type":"page","link":"http:\/\/fiction-science.com\/index.php\/photos-2018\/","title":{"rendered":"Photos 2018"},"content":{"rendered":"<p style=\"text-align: center;\">Quelques clich\u00e9s de l&rsquo;\u00e9v\u00e9nement \u00ab\u00a0Super-h\u00e9ros\u00a0\u00bb<\/p>\n<p style=\"text-align: right;\"><em>Merci \u00e0 Jean-Jacques Dupaux pour les photos.<\/em><\/p>\n<div id='gallery-1' class='gallery galleryid-254 gallery-columns-3 gallery-size-thumbnail'><figure class='gallery-item'>\n\t\t\t<div class='gallery-icon landscape'>\n\t\t\t\t<a href='http:\/\/fiction-science.com\/wp-content\/uploads\/2022\/04\/IMGP6982-scaled.jpg'><img width=\"150\" height=\"150\" src=\"http:\/\/fiction-science.com\/wp-content\/uploads\/2022\/04\/IMGP6982-150x150.jpg\" class=\"attachment-thumbnail size-thumbnail\" alt=\"\" loading=\"lazy\" \/><\/a>\n\t\t\t<\/div><\/figure><figure class='gallery-item'>\n\t\t\t<div class='gallery-icon landscape'>\n\t\t\t\t<a href='http:\/\/fiction-science.com\/wp-content\/uploads\/2022\/04\/IMGP6995-scaled.jpg'><img width=\"150\" height=\"150\" src=\"http:\/\/fiction-science.com\/wp-content\/uploads\/2022\/04\/IMGP6995-150x150.jpg\" class=\"attachment-thumbnail size-thumbnail\" alt=\"\" loading=\"lazy\" \/><\/a>\n\t\t\t<\/div><\/figure><figure class='gallery-item'>\n\t\t\t<div class='gallery-icon landscape'>\n\t\t\t\t<a href='http:\/\/fiction-science.com\/wp-content\/uploads\/2022\/04\/IMGP6999-scaled.jpg'><img width=\"150\" height=\"150\" src=\"http:\/\/fiction-science.com\/wp-content\/uploads\/2022\/04\/IMGP6999-150x150.jpg\" class=\"attachment-thumbnail size-thumbnail\" alt=\"\" loading=\"lazy\" \/><\/a>\n\t\t\t<\/div><\/figure><figure class='gallery-item'>\n\t\t\t<div class='gallery-icon landscape'>\n\t\t\t\t<a href='http:\/\/fiction-science.com\/wp-content\/uploads\/2022\/04\/IMGP7005-scaled.jpg'><img width=\"150\" height=\"150\" src=\"http:\/\/fiction-science.com\/wp-content\/uploads\/2022\/04\/IMGP7005-150x150.jpg\" class=\"attachment-thumbnail size-thumbnail\" alt=\"\" loading=\"lazy\" \/><\/a>\n\t\t\t<\/div><\/figure><figure class='gallery-item'>\n\t\t\t<div class='gallery-icon landscape'>\n\t\t\t\t<a href='http:\/\/fiction-science.com\/wp-content\/uploads\/2022\/04\/IMGP7012-scaled.jpg'><img width=\"150\" height=\"150\" src=\"http:\/\/fiction-science.com\/wp-content\/uploads\/2022\/04\/IMGP7012-150x150.jpg\" class=\"attachment-thumbnail size-thumbnail\" alt=\"\" loading=\"lazy\" \/><\/a>\n\t\t\t<\/div><\/figure><figure class='gallery-item'>\n\t\t\t<div class='gallery-icon landscape'>\n\t\t\t\t<a href='http:\/\/fiction-science.com\/wp-content\/uploads\/2022\/04\/IMGP7016-scaled.jpg'><img width=\"150\" height=\"150\" src=\"http:\/\/fiction-science.com\/wp-content\/uploads\/2022\/04\/IMGP7016-150x150.jpg\" class=\"attachment-thumbnail size-thumbnail\" alt=\"\" loading=\"lazy\" \/><\/a>\n\t\t\t<\/div><\/figure><figure class='gallery-item'>\n\t\t\t<div class='gallery-icon landscape'>\n\t\t\t\t<a href='http:\/\/fiction-science.com\/wp-content\/uploads\/2022\/04\/DSC7270.jpg'><img width=\"150\" height=\"150\" src=\"http:\/\/fiction-science.com\/wp-content\/uploads\/2022\/04\/DSC7270-150x150.jpg\" class=\"attachment-thumbnail size-thumbnail\" alt=\"\" loading=\"lazy\" aria-describedby=\"gallery-1-601\" \/><\/a>\n\t\t\t<\/div>\n\t\t\t\t<figcaption class='wp-caption-text gallery-caption' id='gallery-1-601'>\n\t\t\t\tSONY DSC\n\t\t\t\t<\/figcaption><\/figure><figure class='gallery-item'>\n\t\t\t<div class='gallery-icon landscape'>\n\t\t\t\t<a href='http:\/\/fiction-science.com\/wp-content\/uploads\/2022\/04\/DSC7272.jpg'><img width=\"150\" height=\"150\" src=\"http:\/\/fiction-science.com\/wp-content\/uploads\/2022\/04\/DSC7272-150x150.jpg\" class=\"attachment-thumbnail size-thumbnail\" alt=\"\" loading=\"lazy\" aria-describedby=\"gallery-1-602\" \/><\/a>\n\t\t\t<\/div>\n\t\t\t\t<figcaption class='wp-caption-text gallery-caption' id='gallery-1-602'>\n\t\t\t\tSONY DSC\n\t\t\t\t<\/figcaption><\/figure><figure class='gallery-item'>\n\t\t\t<div class='gallery-icon landscape'>\n\t\t\t\t<a href='http:\/\/fiction-science.com\/wp-content\/uploads\/2022\/04\/IMGP6950-scaled.jpg'><img width=\"150\" height=\"150\" src=\"http:\/\/fiction-science.com\/wp-content\/uploads\/2022\/04\/IMGP6950-150x150.jpg\" class=\"attachment-thumbnail size-thumbnail\" alt=\"\" loading=\"lazy\" \/><\/a>\n\t\t\t<\/div><\/figure><figure class='gallery-item'>\n\t\t\t<div class='gallery-icon landscape'>\n\t\t\t\t<a href='http:\/\/fiction-science.com\/wp-content\/uploads\/2022\/04\/IMGP6951-scaled.jpg'><img width=\"150\" height=\"150\" src=\"http:\/\/fiction-science.com\/wp-content\/uploads\/2022\/04\/IMGP6951-150x150.jpg\" class=\"attachment-thumbnail size-thumbnail\" alt=\"\" loading=\"lazy\" \/><\/a>\n\t\t\t<\/div><\/figure><figure class='gallery-item'>\n\t\t\t<div class='gallery-icon landscape'>\n\t\t\t\t<a href='http:\/\/fiction-science.com\/wp-content\/uploads\/2022\/04\/IMGP6953-scaled.jpg'><img width=\"150\" height=\"150\" src=\"http:\/\/fiction-science.com\/wp-content\/uploads\/2022\/04\/IMGP6953-150x150.jpg\" class=\"attachment-thumbnail size-thumbnail\" alt=\"\" loading=\"lazy\" \/><\/a>\n\t\t\t<\/div><\/figure><figure class='gallery-item'>\n\t\t\t<div class='gallery-icon landscape'>\n\t\t\t\t<a href='http:\/\/fiction-science.com\/wp-content\/uploads\/2022\/04\/IMGP6959-scaled.jpg'><img width=\"150\" height=\"150\" src=\"http:\/\/fiction-science.com\/wp-content\/uploads\/2022\/04\/IMGP6959-150x150.jpg\" class=\"attachment-thumbnail size-thumbnail\" alt=\"\" loading=\"lazy\" \/><\/a>\n\t\t\t<\/div><\/figure><figure class='gallery-item'>\n\t\t\t<div class='gallery-icon landscape'>\n\t\t\t\t<a href='http:\/\/fiction-science.com\/wp-content\/uploads\/2022\/04\/IMGP6964-scaled.jpg'><img width=\"150\" height=\"150\" src=\"http:\/\/fiction-science.com\/wp-content\/uploads\/2022\/04\/IMGP6964-150x150.jpg\" class=\"attachment-thumbnail size-thumbnail\" alt=\"\" loading=\"lazy\" \/><\/a>\n\t\t\t<\/div><\/figure><figure class='gallery-item'>\n\t\t\t<div class='gallery-icon landscape'>\n\t\t\t\t<a href='http:\/\/fiction-science.com\/wp-content\/uploads\/2022\/04\/IMGP6965-scaled.jpg'><img width=\"150\" height=\"150\" src=\"http:\/\/fiction-science.com\/wp-content\/uploads\/2022\/04\/IMGP6965-150x150.jpg\" class=\"attachment-thumbnail size-thumbnail\" alt=\"\" loading=\"lazy\" \/><\/a>\n\t\t\t<\/div><\/figure><figure class='gallery-item'>\n\t\t\t<div class='gallery-icon landscape'>\n\t\t\t\t<a href='http:\/\/fiction-science.com\/wp-content\/uploads\/2022\/04\/IMGP6970-scaled.jpg'><img width=\"150\" height=\"150\" src=\"http:\/\/fiction-science.com\/wp-content\/uploads\/2022\/04\/IMGP6970-150x150.jpg\" class=\"attachment-thumbnail size-thumbnail\" alt=\"\" loading=\"lazy\" \/><\/a>\n\t\t\t<\/div><\/figure><figure class='gallery-item'>\n\t\t\t<div class='gallery-icon portrait'>\n\t\t\t\t<a href='http:\/\/fiction-science.com\/wp-content\/uploads\/2022\/04\/IMGP6971-scaled-e1651062399686.jpg'><img width=\"150\" height=\"150\" src=\"http:\/\/fiction-science.com\/wp-content\/uploads\/2022\/04\/IMGP6971-scaled-e1651062399686-150x150.jpg\" class=\"attachment-thumbnail size-thumbnail\" alt=\"\" loading=\"lazy\" \/><\/a>\n\t\t\t<\/div><\/figure><figure class='gallery-item'>\n\t\t\t<div class='gallery-icon landscape'>\n\t\t\t\t<a href='http:\/\/fiction-science.com\/wp-content\/uploads\/2022\/04\/IMGP6974-scaled.jpg'><img width=\"150\" height=\"150\" src=\"http:\/\/fiction-science.com\/wp-content\/uploads\/2022\/04\/IMGP6974-150x150.jpg\" class=\"attachment-thumbnail size-thumbnail\" alt=\"\" loading=\"lazy\" \/><\/a>\n\t\t\t<\/div><\/figure><figure class='gallery-item'>\n\t\t\t<div class='gallery-icon landscape'>\n\t\t\t\t<a href='http:\/\/fiction-science.com\/wp-content\/uploads\/2022\/04\/IMGP6978-scaled.jpg'><img width=\"150\" height=\"150\" src=\"http:\/\/fiction-science.com\/wp-content\/uploads\/2022\/04\/IMGP6978-150x150.jpg\" class=\"attachment-thumbnail size-thumbnail\" alt=\"\" loading=\"lazy\" \/><\/a>\n\t\t\t<\/div><\/figure><figure class='gallery-item'>\n\t\t\t<div class='gallery-icon landscape'>\n\t\t\t\t<a href='http:\/\/fiction-science.com\/wp-content\/uploads\/2022\/04\/IMGP6980-scaled.jpg'><img width=\"150\" height=\"150\" src=\"http:\/\/fiction-science.com\/wp-content\/uploads\/2022\/04\/IMGP6980-150x150.jpg\" class=\"attachment-thumbnail size-thumbnail\" alt=\"\" loading=\"lazy\" \/><\/a>\n\t\t\t<\/div><\/figure>\n\t\t<\/div>\n\n","protected":false},"excerpt":{"rendered":"<p>Quelques clich\u00e9s de l&rsquo;\u00e9v\u00e9nement \u00ab\u00a0Super-h\u00e9ros\u00a0\u00bb Merci \u00e0 Jean-Jacques Dupaux pour les photos.<\/p>\n","protected":false},"author":1,"featured_media":0,"parent":0,"menu_order":0,"comment_status":"closed","ping_status":"closed","template":"","meta":[],"_links":{"self":[{"href":"http:\/\/fiction-science.com\/index.php\/wp-json\/wp\/v2\/pages\/254"}],"collection":[{"href":"http:\/\/fiction-science.com\/index.php\/wp-json\/wp\/v2\/pages"}],"about":[{"href":"http:\/\/fiction-science.com\/index.php\/wp-json\/wp\/v2\/types\/page"}],"author":[{"embeddable":true,"href":"http:\/\/fiction-science.com\/index.php\/wp-json\/wp\/v2\/users\/1"}],"replies":[{"embeddable":true,"href":"http:\/\/fiction-science.com\/index.php\/wp-json\/wp\/v2\/comments?post=254"}],"version-history":[{"count":4,"href":"http:\/\/fiction-science.com\/index.php\/wp-json\/wp\/v2\/pages\/254\/revisions"}],"predecessor-version":[{"id":615,"href":"http:\/\/fiction-science.com\/index.php\/wp-json\/wp\/v2\/pages\/254\/revisions\/615"}],"wp:attachment":[{"href":"http:\/\/fiction-science.com\/index.php\/wp-json\/wp\/v2\/media?parent=254"}],"curies":[{"name":"wp","href":"https:\/\/api.w.org\/{rel}","templated":true}]}}