{"id":183,"date":"2018-04-04T09:12:05","date_gmt":"2018-04-04T08:12:05","guid":{"rendered":"http:\/\/fiction-science.com\/?page_id=183"},"modified":"2021-11-26T21:28:46","modified_gmt":"2021-11-26T20:28:46","slug":"streaming-2018","status":"publish","type":"page","link":"http:\/\/fiction-science.com\/index.php\/streaming-2018\/","title":{"rendered":"Streaming 2018"},"content":{"rendered":"<p>&nbsp;<\/p>\n<p style=\"text-align: center;\">Retrouvez ci-dessous les vid\u00e9os des conf\u00e9rences ci dessous.<\/p>\n<p style=\"text-align: center;\">Merci \u00e0 la <a href=\"http:\/\/cellule-video.univ-fcomte.fr\/wordpress\/\" target=\"_blank\" rel=\"noopener\">Cellule Vid\u00e9o<\/a> de l&rsquo;UPFR pour les captations !<\/p>\n<hr \/>\n<p style=\"text-align: center;\"><em><strong>Le TEASER<\/strong><\/em><\/p>\n<p style=\"text-align: center;\"><a href=\"https:\/\/mediacenter.univ-fcomte.fr\/videos\/01-rencontres-universitaires-le-teasersuper-heros-mythe-ou-realite-le-teaser\/\" target=\"_blank\" rel=\"noopener\"><img loading=\"lazy\" class=\"aligncenter wp-image-240 size-medium\" src=\"http:\/\/fiction-science.com\/wp-content\/uploads\/2019\/03\/teaser-300x144.jpg\" alt=\"\" width=\"300\" height=\"144\" \/><\/a><\/p>\n<p style=\"text-align: center;\"><a href=\"https:\/\/mediacenter.univ-fcomte.fr\/videos\/01-rencontres-universitaires-le-teasersuper-heros-mythe-ou-realite-le-teaser\/\" target=\"_blank\" rel=\"noopener\">voir le teaser<\/a><\/p>\n<hr \/>\n<p style=\"text-align: center;\"><em><strong>Entra\u00eenement et technologie : tout le monde peut-il \u00eatre un super-h\u00e9ros ?\u00a0<\/strong><\/em><\/p>\n<p style=\"text-align: center;\">S. GROSPRETRE<\/p>\n<p style=\"text-align: center;\"><a href=\"https:\/\/mediacenter.univ-fcomte.fr\/videos\/02-entrainement-et-technologie-tout-le-monde-peut-il-etre-un-super-heros\/\" target=\"_blank\" rel=\"noopener\"><img loading=\"lazy\" class=\"aligncenter wp-image-245 size-medium\" src=\"http:\/\/fiction-science.com\/wp-content\/uploads\/2019\/03\/sgrospretre-300x167.jpg\" alt=\"\" width=\"300\" height=\"167\" \/><\/a><\/p>\n<p style=\"text-align: center;\"><a href=\"https:\/\/mediacenter.univ-fcomte.fr\/videos\/02-entrainement-et-technologie-tout-le-monde-peut-il-etre-un-super-heros\/\" target=\"_blank\" rel=\"noopener\">voir la conf\u00e9rence<\/a><\/p>\n<hr \/>\n<p style=\"text-align: center;\"><em><strong>Loki : super-h\u00e9ros ou super-vilain ? Ce qu\u2019en dit la mythologie nordique<\/strong><\/em><\/p>\n<p style=\"text-align: center;\">L. DI FILIPPO<\/p>\n<p style=\"text-align: center;\"><span id=\"OBJ_PREFIX_DWT1122_com_zimbra_url\" class=\"Object\" role=\"link\"><a href=\"https:\/\/mediacenter.univ-fcomte.fr\/videos\/03-loki-super-heros-ou-super-vilain-ce-quen-dit-la-mythologie-nordique\/\" target=\"_blank\" rel=\"noopener\"><img loading=\"lazy\" class=\"aligncenter wp-image-241 size-medium\" src=\"http:\/\/fiction-science.com\/wp-content\/uploads\/2019\/03\/difilipo-300x180.jpg\" alt=\"\" width=\"300\" height=\"180\" \/><\/a><\/span><\/p>\n<p style=\"text-align: center;\"><a href=\"https:\/\/mediacenter.univ-fcomte.fr\/videos\/03-loki-super-heros-ou-super-vilain-ce-quen-dit-la-mythologie-nordique\/\" target=\"_blank\" rel=\"noopener\">voir la conf\u00e9rence<\/a><\/p>\n<hr \/>\n<p style=\"text-align: center;\"><em><strong>T\u00e9l\u00e9kin\u00e9sie, t\u00e9l\u00e9pathie : les super pouvoirs du cerveau<\/strong><\/em><\/p>\n<p style=\"text-align: center;\">T. JACQUET<\/p>\n<p style=\"text-align: center;\"><span id=\"OBJ_PREFIX_DWT1123_com_zimbra_url\" class=\"Object\" role=\"link\"><a href=\"https:\/\/mediacenter.univ-fcomte.fr\/videos\/04-telekinesie-telepathie-les-super-pouvoirs-du-cerveau\/\" target=\"_blank\" rel=\"noopener\"><img loading=\"lazy\" class=\"alignnone wp-image-243 size-medium\" src=\"http:\/\/fiction-science.com\/wp-content\/uploads\/2019\/03\/jacquet-300x225.jpg\" alt=\"\" width=\"300\" height=\"225\" \/><\/a><\/span><\/p>\n<p style=\"text-align: center;\"><a href=\"https:\/\/mediacenter.univ-fcomte.fr\/videos\/04-telekinesie-telepathie-les-super-pouvoirs-du-cerveau\/\" target=\"_blank\" rel=\"noopener\">voir la conf\u00e9rence<\/a><\/p>\n<hr \/>\n<p style=\"text-align: center;\"><strong><em>Les super-h\u00e9ro\u00efnes et leur pouvoir de s\u00e9duction<\/em><\/strong><span id=\"OBJ_PREFIX_DWT1124_com_zimbra_url\" class=\"Object\" role=\"link\"><\/span><\/p>\n<p style=\"text-align: center;\">S. HAISSAT<\/p>\n<p style=\"text-align: center;\"><a href=\"https:\/\/mediacenter.univ-fcomte.fr\/videos\/05-les-super-heroines-et-leur-pouvoir-de-seduction\/\" target=\"_blank\" rel=\"noopener\"><img loading=\"lazy\" class=\"alignnone wp-image-246 size-medium\" src=\"http:\/\/fiction-science.com\/wp-content\/uploads\/2019\/03\/haissat-1-300x169.jpg\" alt=\"\" width=\"300\" height=\"169\" \/><\/a><\/p>\n<p style=\"text-align: center;\"><a href=\"https:\/\/mediacenter.univ-fcomte.fr\/videos\/05-les-super-heroines-et-leur-pouvoir-de-seduction\/\" target=\"_blank\" rel=\"noopener\">voir la conf\u00e9rence<\/a><\/p>\n<hr \/>\n<p style=\"text-align: center;\"><em><strong>Quand ils se prennent pour des pompiers, les super-h\u00e9ros s\u2019enflamment-ils ?<\/strong><\/em><\/p>\n<p style=\"text-align: center;\">P. MARCEL-MILLET<\/p>\n<p style=\"text-align: center;\"><a href=\"https:\/\/mediacenter.univ-fcomte.fr\/videos\/06-quand-ils-se-prennent-pour-des-pompiers-les-super-heros-senflamment-ils\/\" target=\"_blank\" rel=\"noopener\"><img loading=\"lazy\" class=\"alignnone wp-image-244 size-medium\" src=\"http:\/\/fiction-science.com\/wp-content\/uploads\/2019\/03\/marcelmillet-300x168.jpg\" alt=\"\" width=\"300\" height=\"168\" \/><\/a><span id=\"OBJ_PREFIX_DWT1125_com_zimbra_url\" class=\"Object\" role=\"link\"><\/span><\/p>\n<p style=\"text-align: center;\"><a href=\"https:\/\/mediacenter.univ-fcomte.fr\/videos\/06-quand-ils-se-prennent-pour-des-pompiers-les-super-heros-senflamment-ils\/\" target=\"_blank\" rel=\"noopener\">voir la conf\u00e9rence<\/a><\/p>\n<hr \/>\n<p style=\"text-align: center;\"><em><strong>Extraits de films comment\u00e9s par les intervenants<\/strong><\/em><\/p>\n<p style=\"text-align: center;\"><span id=\"OBJ_PREFIX_DWT1126_com_zimbra_url\" class=\"Object\" role=\"link\"><a href=\"https:\/\/mediacenter.univ-fcomte.fr\/videos\/07-extraits-de-films-commentes-par-les-intervenants\/\" target=\"_blank\" rel=\"noopener\"><img loading=\"lazy\" class=\"alignnone wp-image-239 size-medium\" src=\"http:\/\/fiction-science.com\/wp-content\/uploads\/2019\/03\/tableronde-300x168.jpg\" alt=\"\" width=\"300\" height=\"168\" \/><\/a><\/span><\/p>\n<p style=\"text-align: center;\"><a href=\"https:\/\/mediacenter.univ-fcomte.fr\/videos\/07-extraits-de-films-commentes-par-les-intervenants\/\" target=\"_blank\" rel=\"noopener\">voir la conf\u00e9rence<\/a><\/p>\n<p style=\"text-align: center;\">\u00a0 <span id=\"OBJ_PREFIX_DWT1127_com_zimbra_url\" class=\"Object\" role=\"link\"><\/span><\/p>\n<p><a href=\"http:\/\/fiction-science.com\/wp-content\/uploads\/2018\/04\/index.png\"><img loading=\"lazy\" class=\"alignnone size-medium wp-image-184 aligncenter\" src=\"http:\/\/fiction-science.com\/wp-content\/uploads\/2018\/04\/index-300x150.png\" alt=\"\" width=\"300\" height=\"150\" \/><\/a><\/p>\n<hr \/>\n<p style=\"text-align: center;\">D&rsquo;une mani\u00e8re g\u00e9n\u00e9rale, retrouvez tous les replays sur la plateforme vid\u00e9o de l&rsquo;universit\u00e9 de Franche-Comt\u00e9 ici :<br \/>\n<a href=\"https:\/\/mediacenter.univ-fcomte.fr\/channels\/#rencontres-universitaires-fiction-science\" target=\"_blank\" rel=\"noopener\">https:\/\/mediacenter.univ-fcomte.fr\/channels\/#rencontres-universitaires-fiction-science<\/a><\/p>\n<hr \/>\n<p>&nbsp;<\/p>\n","protected":false},"excerpt":{"rendered":"<p>&nbsp; Retrouvez ci-dessous les vid\u00e9os des conf\u00e9rences ci dessous. Merci \u00e0 la Cellule Vid\u00e9o de l&rsquo;UPFR pour les captations ! Le TEASER voir le teaser Entra\u00eenement et technologie : tout le monde peut-il \u00eatre un super-h\u00e9ros ?\u00a0 S. GROSPRETRE voir la conf\u00e9rence Loki : super-h\u00e9ros ou super-vilain ? Ce qu\u2019en dit la mythologie nordique L&#8230;. <a class=\"more-link\" href=\"http:\/\/fiction-science.com\/index.php\/streaming-2018\/#more-183\">Lire la Suite &rarr;<\/a><\/p>\n","protected":false},"author":1,"featured_media":0,"parent":0,"menu_order":0,"comment_status":"closed","ping_status":"closed","template":"","meta":[],"_links":{"self":[{"href":"http:\/\/fiction-science.com\/index.php\/wp-json\/wp\/v2\/pages\/183"}],"collection":[{"href":"http:\/\/fiction-science.com\/index.php\/wp-json\/wp\/v2\/pages"}],"about":[{"href":"http:\/\/fiction-science.com\/index.php\/wp-json\/wp\/v2\/types\/page"}],"author":[{"embeddable":true,"href":"http:\/\/fiction-science.com\/index.php\/wp-json\/wp\/v2\/users\/1"}],"replies":[{"embeddable":true,"href":"http:\/\/fiction-science.com\/index.php\/wp-json\/wp\/v2\/comments?post=183"}],"version-history":[{"count":6,"href":"http:\/\/fiction-science.com\/index.php\/wp-json\/wp\/v2\/pages\/183\/revisions"}],"predecessor-version":[{"id":573,"href":"http:\/\/fiction-science.com\/index.php\/wp-json\/wp\/v2\/pages\/183\/revisions\/573"}],"wp:attachment":[{"href":"http:\/\/fiction-science.com\/index.php\/wp-json\/wp\/v2\/media?parent=183"}],"curies":[{"name":"wp","href":"https:\/\/api.w.org\/{rel}","templated":true}]}}